{"id":129,"date":"2023-07-04T10:27:28","date_gmt":"2023-07-04T08:27:28","guid":{"rendered":"http:\/\/www.waldhotelheppe.eu\/?page_id=129"},"modified":"2023-12-17T21:11:46","modified_gmt":"2023-12-17T20:11:46","slug":"familienurlaub","status":"publish","type":"page","link":"https:\/\/www.waldhotelheppe.de\/en\/familienurlaub\/","title":{"rendered":"Family Holiday"},"content":{"rendered":"<div data-elementor-type=\"wp-page\" data-elementor-id=\"129\" class=\"elementor elementor-129\" data-elementor-post-type=\"page\">\n\t\t\t\t\t\t<section class=\"elementor-section elementor-top-section elementor-element elementor-element-33a4439f elementor-section-boxed elementor-section-height-default elementor-section-height-default wpr-particle-no wpr-jarallax-no wpr-parallax-no wpr-sticky-section-no\" data-id=\"33a4439f\" data-element_type=\"section\" data-e-type=\"section\" data-settings=\"{&quot;background_background&quot;:&quot;classic&quot;}\">\n\t\t\t\t\t\t<div class=\"elementor-container elementor-column-gap-default\">\n\t\t\t\t\t<div class=\"elementor-column elementor-col-50 elementor-top-column elementor-element elementor-element-7fdebea8\" data-id=\"7fdebea8\" data-element_type=\"column\" data-e-type=\"column\">\n\t\t\t<div class=\"elementor-widget-wrap elementor-element-populated\">\n\t\t\t\t\t\t<div class=\"elementor-element elementor-element-297847a3 elementor-widget elementor-widget-heading\" data-id=\"297847a3\" data-element_type=\"widget\" data-e-type=\"widget\" data-widget_type=\"heading.default\">\n\t\t\t\t<div class=\"elementor-widget-container\">\n\t\t\t\t\t<h2 class=\"elementor-heading-title elementor-size-default\">FAMILY HOLIDAY<\/h2>\t\t\t\t<\/div>\n\t\t\t\t<\/div>\n\t\t\t\t\t<\/div>\n\t\t<\/div>\n\t\t\t\t<div class=\"elementor-column elementor-col-50 elementor-top-column elementor-element elementor-element-64596553\" data-id=\"64596553\" data-element_type=\"column\" data-e-type=\"column\">\n\t\t\t<div class=\"elementor-widget-wrap\">\n\t\t\t\t\t\t\t<\/div>\n\t\t<\/div>\n\t\t\t\t\t<\/div>\n\t\t<\/section>\n\t\t\t\t<section class=\"elementor-section elementor-top-section elementor-element elementor-element-6a6546b elementor-section-boxed elementor-section-height-default elementor-section-height-default wpr-particle-no wpr-jarallax-no wpr-parallax-no wpr-sticky-section-no\" data-id=\"6a6546b\" data-element_type=\"section\" data-e-type=\"section\">\n\t\t\t\t\t\t<div class=\"elementor-container elementor-column-gap-default\">\n\t\t\t\t\t<div class=\"elementor-column elementor-col-66 elementor-top-column elementor-element elementor-element-d75afda\" data-id=\"d75afda\" data-element_type=\"column\" data-e-type=\"column\">\n\t\t\t<div class=\"elementor-widget-wrap elementor-element-populated\">\n\t\t\t\t\t\t<div class=\"elementor-element elementor-element-4b6d812 elementor-widget elementor-widget-heading\" data-id=\"4b6d812\" data-element_type=\"widget\" data-e-type=\"widget\" data-widget_type=\"heading.default\">\n\t\t\t\t<div class=\"elementor-widget-container\">\n\t\t\t\t\t<h3 class=\"elementor-heading-title elementor-size-default\">Your family-friendly hotel in the Spessart\n<\/h3>\t\t\t\t<\/div>\n\t\t\t\t<\/div>\n\t\t\t\t<div class=\"elementor-element elementor-element-9c107ec elementor-widget elementor-widget-heading\" data-id=\"9c107ec\" data-element_type=\"widget\" data-e-type=\"widget\" data-widget_type=\"heading.default\">\n\t\t\t\t<div class=\"elementor-widget-container\">\n\t\t\t\t\t<h2 class=\"elementor-heading-title elementor-size-default\">Enjoy vacation with children<\/h2>\t\t\t\t<\/div>\n\t\t\t\t<\/div>\n\t\t\t\t<div class=\"elementor-element elementor-element-f758076 elementor-widget-divider--view-line elementor-widget elementor-widget-divider\" data-id=\"f758076\" data-element_type=\"widget\" data-e-type=\"widget\" data-widget_type=\"divider.default\">\n\t\t\t\t<div class=\"elementor-widget-container\">\n\t\t\t\t\t\t\t<div class=\"elementor-divider\">\n\t\t\t<span class=\"elementor-divider-separator\">\n\t\t\t\t\t\t<\/span>\n\t\t<\/div>\n\t\t\t\t\t\t<\/div>\n\t\t\t\t<\/div>\n\t\t\t\t<div class=\"elementor-element elementor-element-0c97259 elementor-widget elementor-widget-text-editor\" data-id=\"0c97259\" data-element_type=\"widget\" data-e-type=\"widget\" data-widget_type=\"text-editor.default\">\n\t\t\t\t<div class=\"elementor-widget-container\">\n\t\t\t\t\t\t\t\t\t<p>Our hotel, idyllically nestled in the midst of the Spessart Forest, invites you to experience the beauty of nature up close. The Spessart, with its dense forests and picturesque landscapes, provides the ideal setting for an unforgettable family vacation.<\/p>\t\t\t\t\t\t\t\t<\/div>\n\t\t\t\t<\/div>\n\t\t\t\t<div class=\"elementor-element elementor-element-b4a3b07 elementor-widget elementor-widget-heading\" data-id=\"b4a3b07\" data-element_type=\"widget\" data-e-type=\"widget\" data-widget_type=\"heading.default\">\n\t\t\t\t<div class=\"elementor-widget-container\">\n\t\t\t\t\t<h2 class=\"elementor-heading-title elementor-size-default\">Nature experiences at your doorstep<\/h2>\t\t\t\t<\/div>\n\t\t\t\t<\/div>\n\t\t\t\t<div class=\"elementor-element elementor-element-549089e elementor-widget elementor-widget-text-editor\" data-id=\"549089e\" data-element_type=\"widget\" data-e-type=\"widget\" data-widget_type=\"text-editor.default\">\n\t\t\t\t<div class=\"elementor-widget-container\">\n\t\t\t\t\t\t\t\t\t<p>Our hotel is located right at the edge of the forest, which means that you can immerse yourself directly in the untouched nature of the Spessart from your room. Enjoy joint hikes or bike tours and discover the fascinating flora and fauna of the region.<\/p>\t\t\t\t\t\t\t\t<\/div>\n\t\t\t\t<\/div>\n\t\t\t\t\t<\/div>\n\t\t<\/div>\n\t\t\t\t<div class=\"elementor-column elementor-col-33 elementor-top-column elementor-element elementor-element-478347e\" data-id=\"478347e\" data-element_type=\"column\" data-e-type=\"column\">\n\t\t\t<div class=\"elementor-widget-wrap elementor-element-populated\">\n\t\t\t\t\t\t<div class=\"elementor-element elementor-element-a5cbe8e elementor-widget elementor-widget-image\" data-id=\"a5cbe8e\" data-element_type=\"widget\" data-e-type=\"widget\" data-widget_type=\"image.default\">\n\t\t\t\t<div class=\"elementor-widget-container\">\n\t\t\t\t\t\t\t\t\t\t\t\t\t\t\t<img fetchpriority=\"high\" decoding=\"async\" width=\"768\" height=\"1024\" src=\"https:\/\/www.waldhotelheppe.de\/wp-content\/uploads\/2023\/11\/IMG_2230-Edit-1536x2048-1-768x1024.jpg\" class=\"attachment-large size-large wp-image-5539\" alt=\"\" srcset=\"https:\/\/www.waldhotelheppe.de\/wp-content\/uploads\/2023\/11\/IMG_2230-Edit-1536x2048-1-768x1024.jpg 768w, https:\/\/www.waldhotelheppe.de\/wp-content\/uploads\/2023\/11\/IMG_2230-Edit-1536x2048-1-225x300.jpg 225w, https:\/\/www.waldhotelheppe.de\/wp-content\/uploads\/2023\/11\/IMG_2230-Edit-1536x2048-1-1152x1536.jpg 1152w, https:\/\/www.waldhotelheppe.de\/wp-content\/uploads\/2023\/11\/IMG_2230-Edit-1536x2048-1-9x12.jpg 9w, https:\/\/www.waldhotelheppe.de\/wp-content\/uploads\/2023\/11\/IMG_2230-Edit-1536x2048-1.jpg 1536w\" sizes=\"(max-width: 768px) 100vw, 768px\" \/>\t\t\t\t\t\t\t\t\t\t\t\t\t\t\t<\/div>\n\t\t\t\t<\/div>\n\t\t\t\t\t<\/div>\n\t\t<\/div>\n\t\t\t\t\t<\/div>\n\t\t<\/section>\n\t\t\t\t<section class=\"elementor-section elementor-top-section elementor-element elementor-element-3fc2b71 elementor-section-boxed elementor-section-height-default elementor-section-height-default wpr-particle-no wpr-jarallax-no wpr-parallax-no wpr-sticky-section-no\" data-id=\"3fc2b71\" data-element_type=\"section\" data-e-type=\"section\">\n\t\t\t\t\t\t<div class=\"elementor-container elementor-column-gap-default\">\n\t\t\t\t\t<div class=\"elementor-column elementor-col-50 elementor-top-column elementor-element elementor-element-1219b4d\" data-id=\"1219b4d\" data-element_type=\"column\" data-e-type=\"column\">\n\t\t\t<div class=\"elementor-widget-wrap elementor-element-populated\">\n\t\t\t\t\t\t<div class=\"elementor-element elementor-element-f553567 elementor-widget elementor-widget-image\" data-id=\"f553567\" data-element_type=\"widget\" data-e-type=\"widget\" data-widget_type=\"image.default\">\n\t\t\t\t<div class=\"elementor-widget-container\">\n\t\t\t\t\t\t\t\t\t\t\t\t\t\t\t<img decoding=\"async\" width=\"768\" height=\"1024\" src=\"https:\/\/www.waldhotelheppe.de\/wp-content\/uploads\/2023\/11\/Kinderstuhl_Heppe_Hotel-768x1024.jpg\" class=\"attachment-large size-large wp-image-5532\" alt=\"\" srcset=\"https:\/\/www.waldhotelheppe.de\/wp-content\/uploads\/2023\/11\/Kinderstuhl_Heppe_Hotel-768x1024.jpg 768w, https:\/\/www.waldhotelheppe.de\/wp-content\/uploads\/2023\/11\/Kinderstuhl_Heppe_Hotel-225x300.jpg 225w, https:\/\/www.waldhotelheppe.de\/wp-content\/uploads\/2023\/11\/Kinderstuhl_Heppe_Hotel-1152x1536.jpg 1152w, https:\/\/www.waldhotelheppe.de\/wp-content\/uploads\/2023\/11\/Kinderstuhl_Heppe_Hotel-9x12.jpg 9w, https:\/\/www.waldhotelheppe.de\/wp-content\/uploads\/2023\/11\/Kinderstuhl_Heppe_Hotel.jpg 1536w\" sizes=\"(max-width: 768px) 100vw, 768px\" \/>\t\t\t\t\t\t\t\t\t\t\t\t\t\t\t<\/div>\n\t\t\t\t<\/div>\n\t\t\t\t\t<\/div>\n\t\t<\/div>\n\t\t\t\t<div class=\"elementor-column elementor-col-50 elementor-top-column elementor-element elementor-element-c428731\" data-id=\"c428731\" data-element_type=\"column\" data-e-type=\"column\">\n\t\t\t<div class=\"elementor-widget-wrap elementor-element-populated\">\n\t\t\t\t\t\t<div class=\"elementor-element elementor-element-17ad1f6 elementor-widget elementor-widget-heading\" data-id=\"17ad1f6\" data-element_type=\"widget\" data-e-type=\"widget\" data-widget_type=\"heading.default\">\n\t\t\t\t<div class=\"elementor-widget-container\">\n\t\t\t\t\t<h3 class=\"elementor-heading-title elementor-size-default\">Family vacation is child's play<\/h3>\t\t\t\t<\/div>\n\t\t\t\t<\/div>\n\t\t\t\t<div class=\"elementor-element elementor-element-7990e82 elementor-widget elementor-widget-heading\" data-id=\"7990e82\" data-element_type=\"widget\" data-e-type=\"widget\" data-widget_type=\"heading.default\">\n\t\t\t\t<div class=\"elementor-widget-container\">\n\t\t\t\t\t<h2 class=\"elementor-heading-title elementor-size-default\">Important information at a glance<\/h2>\t\t\t\t<\/div>\n\t\t\t\t<\/div>\n\t\t\t\t<div class=\"elementor-element elementor-element-77b5442 elementor-widget-divider--view-line elementor-widget elementor-widget-divider\" data-id=\"77b5442\" data-element_type=\"widget\" data-e-type=\"widget\" data-widget_type=\"divider.default\">\n\t\t\t\t<div class=\"elementor-widget-container\">\n\t\t\t\t\t\t\t<div class=\"elementor-divider\">\n\t\t\t<span class=\"elementor-divider-separator\">\n\t\t\t\t\t\t<\/span>\n\t\t<\/div>\n\t\t\t\t\t\t<\/div>\n\t\t\t\t<\/div>\n\t\t\t\t<div class=\"elementor-element elementor-element-bb8e479 elementor-widget elementor-widget-text-editor\" data-id=\"bb8e479\" data-element_type=\"widget\" data-e-type=\"widget\" data-widget_type=\"text-editor.default\">\n\t\t\t\t<div class=\"elementor-widget-container\">\n\t\t\t\t\t\t\t\t\t<ul>\n<li>In unserem kinderfreundlichen Hotel wohnen Kinder bis 10 Jahren im Elternzimmer kostenfrei. In den Ferienmonaten Juli und August sogar bis 14 Jahren.<\/li>\n<li>We have multi-bed rooms or sofa beds in every room category.<\/li>\n<li>Kinder im Alter von 11 bis 14 Jahren kosten 33\u20ac pro Nacht.<\/li>\n<li>Die Kinderhalbpension kostet 17\u20ac pro Kind.<\/li>\n<li>Our children's menu includes free meals for children up to 6 years old and for older children there is a 0.2L soft drink with their meal from the children's menu.<\/li>\n<\/ul>\t\t\t\t\t\t\t\t<\/div>\n\t\t\t\t<\/div>\n\t\t\t\t\t<\/div>\n\t\t<\/div>\n\t\t\t\t\t<\/div>\n\t\t<\/section>\n\t\t\t\t<section class=\"elementor-section elementor-top-section elementor-element elementor-element-e48328c elementor-section-boxed elementor-section-height-default elementor-section-height-default wpr-particle-no wpr-jarallax-no wpr-parallax-no wpr-sticky-section-no\" data-id=\"e48328c\" data-element_type=\"section\" data-e-type=\"section\">\n\t\t\t\t\t\t<div class=\"elementor-container elementor-column-gap-default\">\n\t\t\t\t\t<div class=\"elementor-column elementor-col-66 elementor-top-column elementor-element elementor-element-dcc9aea\" data-id=\"dcc9aea\" data-element_type=\"column\" data-e-type=\"column\">\n\t\t\t<div class=\"elementor-widget-wrap elementor-element-populated\">\n\t\t\t\t\t\t<div class=\"elementor-element elementor-element-59d963f elementor-widget elementor-widget-heading\" data-id=\"59d963f\" data-element_type=\"widget\" data-e-type=\"widget\" data-widget_type=\"heading.default\">\n\t\t\t\t<div class=\"elementor-widget-container\">\n\t\t\t\t\t<h3 class=\"elementor-heading-title elementor-size-default\">COZY ACCOMMODATIONS<\/h3>\t\t\t\t<\/div>\n\t\t\t\t<\/div>\n\t\t\t\t<div class=\"elementor-element elementor-element-9241755 elementor-widget elementor-widget-heading\" data-id=\"9241755\" data-element_type=\"widget\" data-e-type=\"widget\" data-widget_type=\"heading.default\">\n\t\t\t\t<div class=\"elementor-widget-container\">\n\t\t\t\t\t<h2 class=\"elementor-heading-title elementor-size-default\">Many multi-bed rooms in all categories<\/h2>\t\t\t\t<\/div>\n\t\t\t\t<\/div>\n\t\t\t\t<div class=\"elementor-element elementor-element-413e597 elementor-widget-divider--view-line elementor-widget elementor-widget-divider\" data-id=\"413e597\" data-element_type=\"widget\" data-e-type=\"widget\" data-widget_type=\"divider.default\">\n\t\t\t\t<div class=\"elementor-widget-container\">\n\t\t\t\t\t\t\t<div class=\"elementor-divider\">\n\t\t\t<span class=\"elementor-divider-separator\">\n\t\t\t\t\t\t<\/span>\n\t\t<\/div>\n\t\t\t\t\t\t<\/div>\n\t\t\t\t<\/div>\n\t\t\t\t<div class=\"elementor-element elementor-element-db01a0a elementor-widget elementor-widget-text-editor\" data-id=\"db01a0a\" data-element_type=\"widget\" data-e-type=\"widget\" data-widget_type=\"text-editor.default\">\n\t\t\t\t<div class=\"elementor-widget-container\">\n\t\t\t\t\t\t\t\t\t<p>Enjoy the comfort of our family-friendly rooms and suites. In every category, we offer rooms with separate bedrooms, so each family member has their own retreat. Here, every family finds their own space to relax and feel at ease.<\/p>\t\t\t\t\t\t\t\t<\/div>\n\t\t\t\t<\/div>\n\t\t\t\t\t<\/div>\n\t\t<\/div>\n\t\t\t\t<div class=\"elementor-column elementor-col-33 elementor-top-column elementor-element elementor-element-560d11b\" data-id=\"560d11b\" data-element_type=\"column\" data-e-type=\"column\">\n\t\t\t<div class=\"elementor-widget-wrap elementor-element-populated\">\n\t\t\t\t\t\t<div class=\"elementor-element elementor-element-b3690cd elementor-widget elementor-widget-image\" data-id=\"b3690cd\" data-element_type=\"widget\" data-e-type=\"widget\" data-widget_type=\"image.default\">\n\t\t\t\t<div class=\"elementor-widget-container\">\n\t\t\t\t\t\t\t\t\t\t\t\t<figure class=\"wp-caption\">\n\t\t\t\t\t\t\t\t\t\t<img decoding=\"async\" width=\"1024\" height=\"684\" src=\"https:\/\/www.waldhotelheppe.de\/wp-content\/uploads\/2023\/09\/SuiteKinderzimmer-1024x684.jpeg\" class=\"attachment-large size-large wp-image-3054\" alt=\"Familienzimmer mit Etagenbett im Waldhotel Heppe, Spessart - moderne Holzm\u00f6bel und gem\u00fctliche Atmosph\u00e4re\" srcset=\"https:\/\/www.waldhotelheppe.de\/wp-content\/uploads\/2023\/09\/SuiteKinderzimmer-1024x684.jpeg 1024w, https:\/\/www.waldhotelheppe.de\/wp-content\/uploads\/2023\/09\/SuiteKinderzimmer-300x200.jpeg 300w, https:\/\/www.waldhotelheppe.de\/wp-content\/uploads\/2023\/09\/SuiteKinderzimmer-768x513.jpeg 768w, https:\/\/www.waldhotelheppe.de\/wp-content\/uploads\/2023\/09\/SuiteKinderzimmer-1536x1025.jpeg 1536w, https:\/\/www.waldhotelheppe.de\/wp-content\/uploads\/2023\/09\/SuiteKinderzimmer-2048x1367.jpeg 2048w, https:\/\/www.waldhotelheppe.de\/wp-content\/uploads\/2023\/09\/SuiteKinderzimmer-18x12.jpeg 18w\" sizes=\"(max-width: 1024px) 100vw, 1024px\" \/>\t\t\t\t\t\t\t\t\t\t\t<figcaption class=\"widget-image-caption wp-caption-text\">Etagenbett in einer Familiensuite<\/figcaption>\n\t\t\t\t\t\t\t\t\t\t<\/figure>\n\t\t\t\t\t\t\t\t\t<\/div>\n\t\t\t\t<\/div>\n\t\t\t\t\t<\/div>\n\t\t<\/div>\n\t\t\t\t\t<\/div>\n\t\t<\/section>\n\t\t\t\t<\/div>","protected":false},"excerpt":{"rendered":"<p>FAMILIENURLAUB Ihr familienfreundliches Hotel im Spessart Urlaub mit Kindern genie\u00dfen Unser Hotel, idyllisch eingebettet inmitten des Spessartwaldes, l\u00e4dt Sie ein, die Sch\u00f6nheit der Natur hautnah zu erleben. Der Spessart, mit seinen dichten W\u00e4ldern und malerischen Landschaften, bietet die ideale Kulisse f\u00fcr einen unvergesslichen Familienurlaub. Naturerlebnisse vor der T\u00fcr Unser Hotel liegt direkt am Rand des Waldes, was bedeutet, dass Sie von Ihrem Zimmer aus direkt in die unber\u00fchrte Natur des Spessarts eintauchen k\u00f6nnen. Unternehmen Sie gemeinsame Wanderungen oder Radtouren und entdecken Sie die faszinierende Flora und Fauna der Region. Familienurlaub kinderleicht Wichtige Informationen auf einen Blick In unserem kinderfreundlichen Hotel wohnen Kinder bis 10 Jahren im Elternzimmer kostenfrei. In den Ferienmonaten Juli und August sogar bis 14 Jahren. In jeder Zimmerkategorie haben wir Mehrbettzimmer bzw. Schlafcouches. Kinder im Alter von 11 bis 14 Jahren kosten 33\u20ac pro Nacht. Die Kinderhalbpension kostet 17\u20ac pro Kind. In unserer Kinderspeisenkarte gibt es u.a. gratis Speisen f\u00fcr Kinder bis 6 Jahren und f\u00fcr die gr\u00f6\u00dferen Kinder gibt es ein 0,2L Softdrink zum Essen aus der Kinderkarte. Gem\u00fctliche Unterk\u00fcnfte viele Mehrbettzimmer in allen Kategorien Genie\u00dfen Sie den Komfort unserer familienfreundlichen Zimmer und Suiten, in jeder Kategorie bieten wir Ihnen Zimmer mit getrennten Schlafzimmern sodass jedes Familienmitglied seinen R\u00fcckzugsort hat. Hier findet jede Familie ihren eigenen Raum zum Entspannen und Wohlf\u00fchlen. Etagenbett in einer Familiensuite<\/p>","protected":false},"author":2,"featured_media":0,"parent":0,"menu_order":0,"comment_status":"closed","ping_status":"closed","template":"","meta":{"site-sidebar-layout":"no-sidebar","site-content-layout":"page-builder","ast-site-content-layout":"full-width-container","site-content-style":"unboxed","site-sidebar-style":"unboxed","ast-global-header-display":"","ast-banner-title-visibility":"","ast-main-header-display":"","ast-hfb-above-header-display":"","ast-hfb-below-header-display":"","ast-hfb-mobile-header-display":"","site-post-title":"disabled","ast-breadcrumbs-content":"","ast-featured-img":"disabled","footer-sml-layout":"","ast-disable-related-posts":"","theme-transparent-header-meta":"","adv-header-id-meta":"","stick-header-meta":"","header-above-stick-meta":"","header-main-stick-meta":"","header-below-stick-meta":"","astra-migrate-meta-layouts":"set","ast-page-background-enabled":"default","ast-page-background-meta":{"desktop":{"background-color":"var(--ast-global-color-4)","background-image":"","background-repeat":"repeat","background-position":"center center","background-size":"auto","background-attachment":"scroll","background-type":"","background-media":"","overlay-type":"","overlay-color":"","overlay-opacity":"","overlay-gradient":""},"tablet":{"background-color":"","background-image":"","background-repeat":"repeat","background-position":"center center","background-size":"auto","background-attachment":"scroll","background-type":"","background-media":"","overlay-type":"","overlay-color":"","overlay-opacity":"","overlay-gradient":""},"mobile":{"background-color":"","background-image":"","background-repeat":"repeat","background-position":"center center","background-size":"auto","background-attachment":"scroll","background-type":"","background-media":"","overlay-type":"","overlay-color":"","overlay-opacity":"","overlay-gradient":""}},"ast-content-background-meta":{"desktop":{"background-color":"var(--ast-global-color-5)","background-image":"","background-repeat":"repeat","background-position":"center center","background-size":"auto","background-attachment":"scroll","background-type":"","background-media":"","overlay-type":"","overlay-color":"","overlay-opacity":"","overlay-gradient":""},"tablet":{"background-color":"var(--ast-global-color-5)","background-image":"","background-repeat":"repeat","background-position":"center center","background-size":"auto","background-attachment":"scroll","background-type":"","background-media":"","overlay-type":"","overlay-color":"","overlay-opacity":"","overlay-gradient":""},"mobile":{"background-color":"var(--ast-global-color-5)","background-image":"","background-repeat":"repeat","background-position":"center center","background-size":"auto","background-attachment":"scroll","background-type":"","background-media":"","overlay-type":"","overlay-color":"","overlay-opacity":"","overlay-gradient":""}},"footnotes":""},"class_list":["post-129","page","type-page","status-publish","hentry"],"yoast_head":"<!-- This site is optimized with the Yoast SEO Premium plugin v27.2 (Yoast SEO v27.2) - https:\/\/yoast.com\/product\/yoast-seo-premium-wordpress\/ -->\n<title>Familienurlaub - Wald Hotel Heppe<\/title>\n<meta name=\"description\" content=\"In unserem kinderfreundlichen Hotel gibt eine Kinderspeisenkarte und Kinder bis 10 Jahren wohnen im Elternzimmer umsonst.\" \/>\n<meta name=\"robots\" content=\"index, follow, max-snippet:-1, max-image-preview:large, max-video-preview:-1\" \/>\n<link rel=\"canonical\" href=\"https:\/\/www.waldhotelheppe.de\/en\/familienurlaub\/\" \/>\n<meta property=\"og:locale\" content=\"en_GB\" \/>\n<meta property=\"og:type\" content=\"article\" \/>\n<meta property=\"og:title\" content=\"Familienurlaub\" \/>\n<meta property=\"og:description\" content=\"In unserem kinderfreundlichen Hotel gibt eine Kinderspeisenkarte und Kinder bis 10 Jahren wohnen im Elternzimmer umsonst.\" \/>\n<meta property=\"og:url\" content=\"https:\/\/www.waldhotelheppe.de\/en\/familienurlaub\/\" \/>\n<meta property=\"og:site_name\" content=\"Wald Hotel Heppe\" \/>\n<meta property=\"article:publisher\" content=\"https:\/\/facebook.com\/HotelSpessart\" \/>\n<meta property=\"article:modified_time\" content=\"2023-12-17T20:11:46+00:00\" \/>\n<meta property=\"og:image\" content=\"https:\/\/www.waldhotelheppe.de\/wp-content\/uploads\/2023\/11\/IMG_2230-Edit-1536x2048-1-768x1024.jpg\" \/>\n<meta name=\"twitter:card\" content=\"summary_large_image\" \/>\n<meta name=\"twitter:label1\" content=\"Estimated reading time\" \/>\n\t<meta name=\"twitter:data1\" content=\"2 minutes\" \/>\n<!-- \/ Yoast SEO Premium plugin. -->","yoast_head_json":{"title":"Familienurlaub - Wald Hotel Heppe","description":"In unserem kinderfreundlichen Hotel gibt eine Kinderspeisenkarte und Kinder bis 10 Jahren wohnen im Elternzimmer umsonst.","robots":{"index":"index","follow":"follow","max-snippet":"max-snippet:-1","max-image-preview":"max-image-preview:large","max-video-preview":"max-video-preview:-1"},"canonical":"https:\/\/www.waldhotelheppe.de\/en\/familienurlaub\/","og_locale":"en_GB","og_type":"article","og_title":"Familienurlaub","og_description":"In unserem kinderfreundlichen Hotel gibt eine Kinderspeisenkarte und Kinder bis 10 Jahren wohnen im Elternzimmer umsonst.","og_url":"https:\/\/www.waldhotelheppe.de\/en\/familienurlaub\/","og_site_name":"Wald Hotel Heppe","article_publisher":"https:\/\/facebook.com\/HotelSpessart","article_modified_time":"2023-12-17T20:11:46+00:00","og_image":[{"url":"https:\/\/www.waldhotelheppe.de\/wp-content\/uploads\/2023\/11\/IMG_2230-Edit-1536x2048-1-768x1024.jpg","type":"","width":"","height":""}],"twitter_card":"summary_large_image","twitter_misc":{"Estimated reading time":"2 minutes"},"schema":{"@context":"https:\/\/schema.org","@graph":[{"@type":"WebPage","@id":"https:\/\/www.waldhotelheppe.de\/familienurlaub\/","url":"https:\/\/www.waldhotelheppe.de\/familienurlaub\/","name":"Familienurlaub - Wald Hotel Heppe","isPartOf":{"@id":"https:\/\/www.waldhotelheppe.de\/en\/#website"},"primaryImageOfPage":{"@id":"https:\/\/www.waldhotelheppe.de\/familienurlaub\/#primaryimage"},"image":{"@id":"https:\/\/www.waldhotelheppe.de\/familienurlaub\/#primaryimage"},"thumbnailUrl":"https:\/\/www.waldhotelheppe.de\/wp-content\/uploads\/2023\/11\/IMG_2230-Edit-1536x2048-1-768x1024.jpg","datePublished":"2023-07-04T08:27:28+00:00","dateModified":"2023-12-17T20:11:46+00:00","description":"In unserem kinderfreundlichen Hotel gibt eine Kinderspeisenkarte und Kinder bis 10 Jahren wohnen im Elternzimmer umsonst.","breadcrumb":{"@id":"https:\/\/www.waldhotelheppe.de\/familienurlaub\/#breadcrumb"},"inLanguage":"en-GB","potentialAction":[{"@type":"ReadAction","target":["https:\/\/www.waldhotelheppe.de\/familienurlaub\/"]}]},{"@type":"ImageObject","inLanguage":"en-GB","@id":"https:\/\/www.waldhotelheppe.de\/familienurlaub\/#primaryimage","url":"https:\/\/www.waldhotelheppe.de\/wp-content\/uploads\/2023\/11\/IMG_2230-Edit-1536x2048-1-768x1024.jpg","contentUrl":"https:\/\/www.waldhotelheppe.de\/wp-content\/uploads\/2023\/11\/IMG_2230-Edit-1536x2048-1-768x1024.jpg"},{"@type":"BreadcrumbList","@id":"https:\/\/www.waldhotelheppe.de\/familienurlaub\/#breadcrumb","itemListElement":[{"@type":"ListItem","position":1,"name":"Startseite","item":"https:\/\/www.waldhotelheppe.de\/"},{"@type":"ListItem","position":2,"name":"Familienurlaub"}]},{"@type":"WebSite","@id":"https:\/\/www.waldhotelheppe.de\/en\/#website","url":"https:\/\/www.waldhotelheppe.de\/en\/","name":"Wald Hotel Heppe","description":"Nachhaltig im Spessart mit Schwimmbad","publisher":{"@id":"https:\/\/www.waldhotelheppe.de\/en\/#organization"},"alternateName":"Wald Hotel Heppe","potentialAction":[{"@type":"SearchAction","target":{"@type":"EntryPoint","urlTemplate":"https:\/\/www.waldhotelheppe.de\/en\/?s={search_term_string}"},"query-input":{"@type":"PropertyValueSpecification","valueRequired":true,"valueName":"search_term_string"}}],"inLanguage":"en-GB"},{"@type":"Organization","@id":"https:\/\/www.waldhotelheppe.de\/en\/#organization","name":"Wald Hotel Heppe","alternateName":"Wald Hotel Heppe","url":"https:\/\/www.waldhotelheppe.de\/en\/","logo":{"@type":"ImageObject","inLanguage":"en-GB","@id":"https:\/\/www.waldhotelheppe.de\/en\/#\/schema\/logo\/image\/","url":"https:\/\/www.waldhotelheppe.de\/wp-content\/uploads\/2023\/07\/Waldhotel-Heppe-logo-web-icon-only-round.png","contentUrl":"https:\/\/www.waldhotelheppe.de\/wp-content\/uploads\/2023\/07\/Waldhotel-Heppe-logo-web-icon-only-round.png","width":825,"height":825,"caption":"Wald Hotel Heppe"},"image":{"@id":"https:\/\/www.waldhotelheppe.de\/en\/#\/schema\/logo\/image\/"},"sameAs":["https:\/\/facebook.com\/HotelSpessart"],"email":"info@waldhotelheppe.de","telephone":"060929410","legalName":"Wald Hotel Heppe KG","vatID":"DE251736482"}]}},"_links":{"self":[{"href":"https:\/\/www.waldhotelheppe.de\/en\/wp-json\/wp\/v2\/pages\/129","targetHints":{"allow":["GET"]}}],"collection":[{"href":"https:\/\/www.waldhotelheppe.de\/en\/wp-json\/wp\/v2\/pages"}],"about":[{"href":"https:\/\/www.waldhotelheppe.de\/en\/wp-json\/wp\/v2\/types\/page"}],"author":[{"embeddable":true,"href":"https:\/\/www.waldhotelheppe.de\/en\/wp-json\/wp\/v2\/users\/2"}],"replies":[{"embeddable":true,"href":"https:\/\/www.waldhotelheppe.de\/en\/wp-json\/wp\/v2\/comments?post=129"}],"version-history":[{"count":18,"href":"https:\/\/www.waldhotelheppe.de\/en\/wp-json\/wp\/v2\/pages\/129\/revisions"}],"predecessor-version":[{"id":6162,"href":"https:\/\/www.waldhotelheppe.de\/en\/wp-json\/wp\/v2\/pages\/129\/revisions\/6162"}],"wp:attachment":[{"href":"https:\/\/www.waldhotelheppe.de\/en\/wp-json\/wp\/v2\/media?parent=129"}],"curies":[{"name":"wp","href":"https:\/\/api.w.org\/{rel}","templated":true}]}}