{"id":133,"date":"2023-07-04T10:28:04","date_gmt":"2023-07-04T08:28:04","guid":{"rendered":"http:\/\/www.waldhotelheppe.eu\/?page_id=133"},"modified":"2023-12-17T21:22:11","modified_gmt":"2023-12-17T20:22:11","slug":"seminarraum","status":"publish","type":"page","link":"https:\/\/www.waldhotelheppe.de\/en\/seminarraum\/","title":{"rendered":"Seminar room"},"content":{"rendered":"<div data-elementor-type=\"wp-page\" data-elementor-id=\"133\" class=\"elementor elementor-133\" data-elementor-post-type=\"page\">\n\t\t\t\t\t\t<section class=\"elementor-section elementor-top-section elementor-element elementor-element-671fa110 elementor-section-boxed elementor-section-height-default elementor-section-height-default wpr-particle-no wpr-jarallax-no wpr-parallax-no wpr-sticky-section-no wpr-column-slider-no wpr-equal-height-no\" data-id=\"671fa110\" data-element_type=\"section\" data-e-type=\"section\" data-settings=\"{&quot;background_background&quot;:&quot;classic&quot;}\">\n\t\t\t\t\t\t<div class=\"elementor-container elementor-column-gap-default\">\n\t\t\t\t\t<div class=\"elementor-column elementor-col-50 elementor-top-column elementor-element elementor-element-6377964f\" data-id=\"6377964f\" data-element_type=\"column\" data-e-type=\"column\">\n\t\t\t<div class=\"elementor-widget-wrap elementor-element-populated\">\n\t\t\t\t\t\t<div class=\"elementor-element elementor-element-1355b8e4 elementor-widget elementor-widget-heading\" data-id=\"1355b8e4\" data-element_type=\"widget\" data-e-type=\"widget\" data-widget_type=\"heading.default\">\n\t\t\t\t<div class=\"elementor-widget-container\">\n\t\t\t\t\t<h2 class=\"elementor-heading-title elementor-size-default\">SEMINARS<\/h2>\t\t\t\t<\/div>\n\t\t\t\t<\/div>\n\t\t\t\t\t<\/div>\n\t\t<\/div>\n\t\t\t\t<div class=\"elementor-column elementor-col-50 elementor-top-column elementor-element elementor-element-31a4af39\" data-id=\"31a4af39\" data-element_type=\"column\" data-e-type=\"column\">\n\t\t\t<div class=\"elementor-widget-wrap\">\n\t\t\t\t\t\t\t<\/div>\n\t\t<\/div>\n\t\t\t\t\t<\/div>\n\t\t<\/section>\n\t\t\t\t<section class=\"elementor-section elementor-top-section elementor-element elementor-element-8d19ab1 elementor-section-boxed elementor-section-height-default elementor-section-height-default wpr-particle-no wpr-jarallax-no wpr-parallax-no wpr-sticky-section-no wpr-column-slider-no wpr-equal-height-no\" data-id=\"8d19ab1\" data-element_type=\"section\" data-e-type=\"section\" data-settings=\"{&quot;background_background&quot;:&quot;classic&quot;}\">\n\t\t\t\t\t\t\t<div class=\"elementor-background-overlay\"><\/div>\n\t\t\t\t\t\t\t<div class=\"elementor-container elementor-column-gap-default\">\n\t\t\t\t\t<div class=\"elementor-column elementor-col-50 elementor-top-column elementor-element elementor-element-8c7bc1a\" data-id=\"8c7bc1a\" data-element_type=\"column\" data-e-type=\"column\">\n\t\t\t<div class=\"elementor-widget-wrap elementor-element-populated\">\n\t\t\t\t\t\t<div class=\"elementor-element elementor-element-b658da2 elementor-widget elementor-widget-heading\" data-id=\"b658da2\" data-element_type=\"widget\" data-e-type=\"widget\" data-widget_type=\"heading.default\">\n\t\t\t\t<div class=\"elementor-widget-container\">\n\t\t\t\t\t<h3 class=\"elementor-heading-title elementor-size-default\">Conferences in the Spessart\n<\/h3>\t\t\t\t<\/div>\n\t\t\t\t<\/div>\n\t\t\t\t<div class=\"elementor-element elementor-element-991af5a elementor-widget elementor-widget-heading\" data-id=\"991af5a\" data-element_type=\"widget\" data-e-type=\"widget\" data-widget_type=\"heading.default\">\n\t\t\t\t<div class=\"elementor-widget-container\">\n\t\t\t\t\t<h2 class=\"elementor-heading-title elementor-size-default\">Seminars, training courses and meetings at the Wald Hotel Heppe\n<\/h2>\t\t\t\t<\/div>\n\t\t\t\t<\/div>\n\t\t\t\t<div class=\"elementor-element elementor-element-f94379b elementor-widget-divider--view-line elementor-widget elementor-widget-divider\" data-id=\"f94379b\" data-element_type=\"widget\" data-e-type=\"widget\" data-widget_type=\"divider.default\">\n\t\t\t\t<div class=\"elementor-widget-container\">\n\t\t\t\t\t\t\t<div class=\"elementor-divider\">\n\t\t\t<span class=\"elementor-divider-separator\">\n\t\t\t\t\t\t<\/span>\n\t\t<\/div>\n\t\t\t\t\t\t<\/div>\n\t\t\t\t<\/div>\n\t\t\t\t<div class=\"elementor-element elementor-element-75f6e79 elementor-widget elementor-widget-text-editor\" data-id=\"75f6e79\" data-element_type=\"widget\" data-e-type=\"widget\" data-widget_type=\"text-editor.default\">\n\t\t\t\t<div class=\"elementor-widget-container\">\n\t\t\t\t\t\t\t\t\t<p>The quiet, secluded, yet convenient location of our hotel, far away from the noise of everyday life, promotes the success of meetings, conferences and seminars.<\/p><p>Our rooms are equipped with modern technology from Neuland, which ensures that such events run smoothly. We also offer individual team building and team events.<\/p><p>Contact us\u00a0<a href=\"mailto:info@waldhotelheppe.de\">info@waldhotelheppe.de<\/a><br \/>We would be happy to discuss all further details with you and create a non-binding offer for you.<\/p>\t\t\t\t\t\t\t\t<\/div>\n\t\t\t\t<\/div>\n\t\t\t\t\t<\/div>\n\t\t<\/div>\n\t\t\t\t<div class=\"elementor-column elementor-col-50 elementor-top-column elementor-element elementor-element-18ce392\" data-id=\"18ce392\" data-element_type=\"column\" data-e-type=\"column\">\n\t\t\t<div class=\"elementor-widget-wrap elementor-element-populated\">\n\t\t\t\t\t\t<div class=\"elementor-element elementor-element-97af3f1 elementor-invisible elementor-widget elementor-widget-image\" data-id=\"97af3f1\" data-element_type=\"widget\" data-e-type=\"widget\" data-settings=\"{&quot;_animation&quot;:&quot;fadeIn&quot;}\" data-widget_type=\"image.default\">\n\t\t\t\t<div class=\"elementor-widget-container\">\n\t\t\t\t\t\t\t\t\t\t\t\t\t\t\t<img fetchpriority=\"high\" decoding=\"async\" width=\"1024\" height=\"768\" src=\"https:\/\/www.waldhotelheppe.de\/wp-content\/uploads\/2023\/12\/IMG_2626-1024x768.jpg\" class=\"attachment-large size-large wp-image-6172\" alt=\"Tagungsraum im Waldhotel Heppe mit U-f\u00f6rmiger Bestuhlung, Beamer und modernen Lichtdecken im Spessart\" srcset=\"https:\/\/www.waldhotelheppe.de\/wp-content\/uploads\/2023\/12\/IMG_2626-1024x768.jpg 1024w, https:\/\/www.waldhotelheppe.de\/wp-content\/uploads\/2023\/12\/IMG_2626-300x225.jpg 300w, https:\/\/www.waldhotelheppe.de\/wp-content\/uploads\/2023\/12\/IMG_2626-768x576.jpg 768w, https:\/\/www.waldhotelheppe.de\/wp-content\/uploads\/2023\/12\/IMG_2626-1536x1152.jpg 1536w, https:\/\/www.waldhotelheppe.de\/wp-content\/uploads\/2023\/12\/IMG_2626-2048x1536.jpg 2048w, https:\/\/www.waldhotelheppe.de\/wp-content\/uploads\/2023\/12\/IMG_2626-16x12.jpg 16w\" sizes=\"(max-width: 1024px) 100vw, 1024px\" \/>\t\t\t\t\t\t\t\t\t\t\t\t\t\t\t<\/div>\n\t\t\t\t<\/div>\n\t\t\t\t\t<\/div>\n\t\t<\/div>\n\t\t\t\t\t<\/div>\n\t\t<\/section>\n\t\t\t\t<section class=\"elementor-section elementor-top-section elementor-element elementor-element-5ffb0a9 elementor-section-boxed elementor-section-height-default elementor-section-height-default wpr-particle-no wpr-jarallax-no wpr-parallax-no wpr-sticky-section-no wpr-column-slider-no wpr-equal-height-no\" data-id=\"5ffb0a9\" data-element_type=\"section\" data-e-type=\"section\">\n\t\t\t\t\t\t<div class=\"elementor-container elementor-column-gap-default\">\n\t\t\t\t\t<div class=\"elementor-column elementor-col-100 elementor-top-column elementor-element elementor-element-26b696d\" data-id=\"26b696d\" data-element_type=\"column\" data-e-type=\"column\">\n\t\t\t<div class=\"elementor-widget-wrap\">\n\t\t\t\t\t\t\t<\/div>\n\t\t<\/div>\n\t\t\t\t\t<\/div>\n\t\t<\/section>\n\t\t\t\t<\/div>","protected":false},"excerpt":{"rendered":"<p>SEMINARE Tagen im Spessart Seminare, Schulungen und Meetings im Wald Hotel Heppe Die ruhige, abgeschiedene, aber dennoch verkehrsg\u00fcnstige Lage unseres Hotels, fern ab vom L\u00e4rm des Alltags, beg\u00fcnstigt den Erfolg von Tagungen, Konferenzen und Seminaren. Unsere R\u00e4umlichkeiten sind mit moderner Technik von\u00a0Neuland\u00a0ausgestattet, die den optimalen Verlauf solcher Veranstaltungen gew\u00e4hrleisten. Wir bieten auch individuelle\u00a0Teambuildings\u00a0und\u00a0Teamevents\u00a0an. Kontaktieren Sie uns:\u00a0info@waldhotelheppe.deWir besprechen mit Ihnen gerne alle weiteren Details und erstellen ein unverbindliches Angebot f\u00fcr Sie.<\/p>","protected":false},"author":2,"featured_media":0,"parent":0,"menu_order":0,"comment_status":"closed","ping_status":"closed","template":"","meta":{"site-sidebar-layout":"no-sidebar","site-content-layout":"page-builder","ast-site-content-layout":"full-width-container","site-content-style":"unboxed","site-sidebar-style":"unboxed","ast-global-header-display":"","ast-banner-title-visibility":"","ast-main-header-display":"","ast-hfb-above-header-display":"","ast-hfb-below-header-display":"","ast-hfb-mobile-header-display":"","site-post-title":"disabled","ast-breadcrumbs-content":"","ast-featured-img":"disabled","footer-sml-layout":"","ast-disable-related-posts":"","theme-transparent-header-meta":"","adv-header-id-meta":"","stick-header-meta":"","header-above-stick-meta":"","header-main-stick-meta":"","header-below-stick-meta":"","astra-migrate-meta-layouts":"set","ast-page-background-enabled":"default","ast-page-background-meta":{"desktop":{"background-color":"var(--ast-global-color-4)","background-image":"","background-repeat":"repeat","background-position":"center center","background-size":"auto","background-attachment":"scroll","background-type":"","background-media":"","overlay-type":"","overlay-color":"","overlay-opacity":"","overlay-gradient":""},"tablet":{"background-color":"","background-image":"","background-repeat":"repeat","background-position":"center center","background-size":"auto","background-attachment":"scroll","background-type":"","background-media":"","overlay-type":"","overlay-color":"","overlay-opacity":"","overlay-gradient":""},"mobile":{"background-color":"","background-image":"","background-repeat":"repeat","background-position":"center center","background-size":"auto","background-attachment":"scroll","background-type":"","background-media":"","overlay-type":"","overlay-color":"","overlay-opacity":"","overlay-gradient":""}},"ast-content-background-meta":{"desktop":{"background-color":"var(--ast-global-color-5)","background-image":"","background-repeat":"repeat","background-position":"center center","background-size":"auto","background-attachment":"scroll","background-type":"","background-media":"","overlay-type":"","overlay-color":"","overlay-opacity":"","overlay-gradient":""},"tablet":{"background-color":"var(--ast-global-color-5)","background-image":"","background-repeat":"repeat","background-position":"center center","background-size":"auto","background-attachment":"scroll","background-type":"","background-media":"","overlay-type":"","overlay-color":"","overlay-opacity":"","overlay-gradient":""},"mobile":{"background-color":"var(--ast-global-color-5)","background-image":"","background-repeat":"repeat","background-position":"center center","background-size":"auto","background-attachment":"scroll","background-type":"","background-media":"","overlay-type":"","overlay-color":"","overlay-opacity":"","overlay-gradient":""}},"footnotes":""},"class_list":["post-133","page","type-page","status-publish","hentry"],"yoast_head":"<!-- This site is optimized with the Yoast SEO Premium plugin v27.5 (Yoast SEO v27.5) - https:\/\/yoast.com\/product\/yoast-seo-premium-wordpress\/ -->\n<title>Seminarraum - Wald Hotel Heppe<\/title>\n<meta name=\"description\" content=\"Die ruhige, aber dennoch verkehrsg\u00fcnstige Lage unseres Hotels, fern ab vom L\u00e4rm des Alltags, beg\u00fcnstigt den Erfolg von Tagungen und Seminaren.\" \/>\n<meta name=\"robots\" content=\"index, follow, max-snippet:-1, max-image-preview:large, max-video-preview:-1\" \/>\n<link rel=\"canonical\" href=\"https:\/\/www.waldhotelheppe.de\/en\/seminarraum\/\" \/>\n<meta property=\"og:locale\" content=\"en_GB\" \/>\n<meta property=\"og:type\" content=\"article\" \/>\n<meta property=\"og:title\" content=\"Seminarraum\" \/>\n<meta property=\"og:description\" content=\"Die ruhige, aber dennoch verkehrsg\u00fcnstige Lage unseres Hotels, fern ab vom L\u00e4rm des Alltags, beg\u00fcnstigt den Erfolg von Tagungen und Seminaren.\" \/>\n<meta property=\"og:url\" content=\"https:\/\/www.waldhotelheppe.de\/en\/seminarraum\/\" \/>\n<meta property=\"og:site_name\" content=\"Wald Hotel Heppe\" \/>\n<meta property=\"article:publisher\" content=\"https:\/\/facebook.com\/HotelSpessart\" \/>\n<meta property=\"article:modified_time\" content=\"2023-12-17T20:22:11+00:00\" \/>\n<meta property=\"og:image\" content=\"https:\/\/www.waldhotelheppe.de\/wp-content\/uploads\/2023\/12\/IMG_2626-1024x768.jpg\" \/>\n<meta name=\"twitter:card\" content=\"summary_large_image\" \/>\n<meta name=\"twitter:label1\" content=\"Estimated reading time\" \/>\n\t<meta name=\"twitter:data1\" content=\"1 minute\" \/>\n<!-- \/ Yoast SEO Premium plugin. -->","yoast_head_json":{"title":"Seminarraum - Wald Hotel Heppe","description":"Die ruhige, aber dennoch verkehrsg\u00fcnstige Lage unseres Hotels, fern ab vom L\u00e4rm des Alltags, beg\u00fcnstigt den Erfolg von Tagungen und Seminaren.","robots":{"index":"index","follow":"follow","max-snippet":"max-snippet:-1","max-image-preview":"max-image-preview:large","max-video-preview":"max-video-preview:-1"},"canonical":"https:\/\/www.waldhotelheppe.de\/en\/seminarraum\/","og_locale":"en_GB","og_type":"article","og_title":"Seminarraum","og_description":"Die ruhige, aber dennoch verkehrsg\u00fcnstige Lage unseres Hotels, fern ab vom L\u00e4rm des Alltags, beg\u00fcnstigt den Erfolg von Tagungen und Seminaren.","og_url":"https:\/\/www.waldhotelheppe.de\/en\/seminarraum\/","og_site_name":"Wald Hotel Heppe","article_publisher":"https:\/\/facebook.com\/HotelSpessart","article_modified_time":"2023-12-17T20:22:11+00:00","og_image":[{"url":"https:\/\/www.waldhotelheppe.de\/wp-content\/uploads\/2023\/12\/IMG_2626-1024x768.jpg","type":"","width":"","height":""}],"twitter_card":"summary_large_image","twitter_misc":{"Estimated reading time":"1 minute"},"schema":{"@context":"https:\/\/schema.org","@graph":[{"@type":"WebPage","@id":"https:\/\/www.waldhotelheppe.de\/seminarraum\/","url":"https:\/\/www.waldhotelheppe.de\/seminarraum\/","name":"Seminarraum - Wald Hotel Heppe","isPartOf":{"@id":"https:\/\/www.waldhotelheppe.de\/en\/#website"},"primaryImageOfPage":{"@id":"https:\/\/www.waldhotelheppe.de\/seminarraum\/#primaryimage"},"image":{"@id":"https:\/\/www.waldhotelheppe.de\/seminarraum\/#primaryimage"},"thumbnailUrl":"https:\/\/www.waldhotelheppe.de\/wp-content\/uploads\/2023\/12\/IMG_2626-1024x768.jpg","datePublished":"2023-07-04T08:28:04+00:00","dateModified":"2023-12-17T20:22:11+00:00","description":"Die ruhige, aber dennoch verkehrsg\u00fcnstige Lage unseres Hotels, fern ab vom L\u00e4rm des Alltags, beg\u00fcnstigt den Erfolg von Tagungen und Seminaren.","breadcrumb":{"@id":"https:\/\/www.waldhotelheppe.de\/seminarraum\/#breadcrumb"},"inLanguage":"en-GB","potentialAction":[{"@type":"ReadAction","target":["https:\/\/www.waldhotelheppe.de\/seminarraum\/"]}]},{"@type":"ImageObject","inLanguage":"en-GB","@id":"https:\/\/www.waldhotelheppe.de\/seminarraum\/#primaryimage","url":"https:\/\/www.waldhotelheppe.de\/wp-content\/uploads\/2023\/12\/IMG_2626-1024x768.jpg","contentUrl":"https:\/\/www.waldhotelheppe.de\/wp-content\/uploads\/2023\/12\/IMG_2626-1024x768.jpg"},{"@type":"BreadcrumbList","@id":"https:\/\/www.waldhotelheppe.de\/seminarraum\/#breadcrumb","itemListElement":[{"@type":"ListItem","position":1,"name":"Startseite","item":"https:\/\/www.waldhotelheppe.de\/"},{"@type":"ListItem","position":2,"name":"Seminarraum"}]},{"@type":"WebSite","@id":"https:\/\/www.waldhotelheppe.de\/en\/#website","url":"https:\/\/www.waldhotelheppe.de\/en\/","name":"Wald Hotel Heppe","description":"Nachhaltig im Spessart mit Schwimmbad","publisher":{"@id":"https:\/\/www.waldhotelheppe.de\/en\/#organization"},"alternateName":"Wald Hotel Heppe","potentialAction":[{"@type":"SearchAction","target":{"@type":"EntryPoint","urlTemplate":"https:\/\/www.waldhotelheppe.de\/en\/?s={search_term_string}"},"query-input":{"@type":"PropertyValueSpecification","valueRequired":true,"valueName":"search_term_string"}}],"inLanguage":"en-GB"},{"@type":"Organization","@id":"https:\/\/www.waldhotelheppe.de\/en\/#organization","name":"Wald Hotel Heppe","alternateName":"Wald Hotel Heppe","url":"https:\/\/www.waldhotelheppe.de\/en\/","logo":{"@type":"ImageObject","inLanguage":"en-GB","@id":"https:\/\/www.waldhotelheppe.de\/en\/#\/schema\/logo\/image\/","url":"https:\/\/www.waldhotelheppe.de\/wp-content\/uploads\/2023\/07\/Waldhotel-Heppe-logo-web-icon-only-round.png","contentUrl":"https:\/\/www.waldhotelheppe.de\/wp-content\/uploads\/2023\/07\/Waldhotel-Heppe-logo-web-icon-only-round.png","width":825,"height":825,"caption":"Wald Hotel Heppe"},"image":{"@id":"https:\/\/www.waldhotelheppe.de\/en\/#\/schema\/logo\/image\/"},"sameAs":["https:\/\/facebook.com\/HotelSpessart"],"email":"info@waldhotelheppe.de","telephone":"060929410","legalName":"Wald Hotel Heppe KG","vatID":"DE251736482"}]}},"_links":{"self":[{"href":"https:\/\/www.waldhotelheppe.de\/en\/wp-json\/wp\/v2\/pages\/133","targetHints":{"allow":["GET"]}}],"collection":[{"href":"https:\/\/www.waldhotelheppe.de\/en\/wp-json\/wp\/v2\/pages"}],"about":[{"href":"https:\/\/www.waldhotelheppe.de\/en\/wp-json\/wp\/v2\/types\/page"}],"author":[{"embeddable":true,"href":"https:\/\/www.waldhotelheppe.de\/en\/wp-json\/wp\/v2\/users\/2"}],"replies":[{"embeddable":true,"href":"https:\/\/www.waldhotelheppe.de\/en\/wp-json\/wp\/v2\/comments?post=133"}],"version-history":[{"count":3,"href":"https:\/\/www.waldhotelheppe.de\/en\/wp-json\/wp\/v2\/pages\/133\/revisions"}],"predecessor-version":[{"id":6178,"href":"https:\/\/www.waldhotelheppe.de\/en\/wp-json\/wp\/v2\/pages\/133\/revisions\/6178"}],"wp:attachment":[{"href":"https:\/\/www.waldhotelheppe.de\/en\/wp-json\/wp\/v2\/media?parent=133"}],"curies":[{"name":"wp","href":"https:\/\/api.w.org\/{rel}","templated":true}]}}