{"id":139,"date":"2023-07-04T10:29:19","date_gmt":"2023-07-04T08:29:19","guid":{"rendered":"http:\/\/www.waldhotelheppe.eu\/?page_id=139"},"modified":"2025-12-21T22:09:38","modified_gmt":"2025-12-21T21:09:38","slug":"gutscheine","status":"publish","type":"page","link":"https:\/\/www.waldhotelheppe.de\/en\/gutscheine\/","title":{"rendered":"Vouchers"},"content":{"rendered":"<div data-elementor-type=\"wp-page\" data-elementor-id=\"139\" class=\"elementor elementor-139\" data-elementor-post-type=\"page\">\n\t\t\t\t\t\t<section class=\"elementor-section elementor-top-section elementor-element elementor-element-4c99047d elementor-section-boxed elementor-section-height-default elementor-section-height-default wpr-particle-no wpr-jarallax-no wpr-parallax-no wpr-sticky-section-no\" data-id=\"4c99047d\" data-element_type=\"section\" data-e-type=\"section\" data-settings=\"{&quot;background_background&quot;:&quot;classic&quot;}\">\n\t\t\t\t\t\t<div class=\"elementor-container elementor-column-gap-default\">\n\t\t\t\t\t<div class=\"elementor-column elementor-col-50 elementor-top-column elementor-element elementor-element-4fbb2955\" data-id=\"4fbb2955\" data-element_type=\"column\" data-e-type=\"column\">\n\t\t\t<div class=\"elementor-widget-wrap elementor-element-populated\">\n\t\t\t\t\t\t<div class=\"elementor-element elementor-element-6108d4a6 elementor-widget elementor-widget-heading\" data-id=\"6108d4a6\" data-element_type=\"widget\" data-e-type=\"widget\" data-widget_type=\"heading.default\">\n\t\t\t\t<div class=\"elementor-widget-container\">\n\t\t\t\t\t<h2 class=\"elementor-heading-title elementor-size-default\">VOUCHERS<\/h2>\t\t\t\t<\/div>\n\t\t\t\t<\/div>\n\t\t\t\t\t<\/div>\n\t\t<\/div>\n\t\t\t\t<div class=\"elementor-column elementor-col-50 elementor-top-column elementor-element elementor-element-4916ff57\" data-id=\"4916ff57\" data-element_type=\"column\" data-e-type=\"column\">\n\t\t\t<div class=\"elementor-widget-wrap elementor-element-populated\">\n\t\t\t\t\t\t<div class=\"elementor-element elementor-element-d7ccbc6 elementor-align-center elementor-widget elementor-widget-button\" data-id=\"d7ccbc6\" data-element_type=\"widget\" data-e-type=\"widget\" data-widget_type=\"button.default\">\n\t\t\t\t<div class=\"elementor-widget-container\">\n\t\t\t\t\t\t\t\t\t<div class=\"elementor-button-wrapper\">\n\t\t\t\t\t<a class=\"elementor-button elementor-button-link elementor-size-sm\" href=\"https:\/\/voucherbooking.de\/wald-hotel-heppe\" target=\"_blank\">\n\t\t\t\t\t\t<span class=\"elementor-button-content-wrapper\">\n\t\t\t\t\t\t\t\t\t<span class=\"elementor-button-text\">zum Gutscheinshop<\/span>\n\t\t\t\t\t<\/span>\n\t\t\t\t\t<\/a>\n\t\t\t\t<\/div>\n\t\t\t\t\t\t\t\t<\/div>\n\t\t\t\t<\/div>\n\t\t\t\t\t<\/div>\n\t\t<\/div>\n\t\t\t\t\t<\/div>\n\t\t<\/section>\n\t\t\t\t<section class=\"elementor-section elementor-top-section elementor-element elementor-element-6bd976a00 elementor-section-boxed elementor-section-height-default elementor-section-height-default wpr-particle-no wpr-jarallax-no wpr-parallax-no wpr-sticky-section-no\" data-id=\"6bd976a00\" data-element_type=\"section\" data-e-type=\"section\">\n\t\t\t\t\t\t<div class=\"elementor-container elementor-column-gap-default\">\n\t\t\t\t\t<div class=\"elementor-column elementor-col-50 elementor-top-column elementor-element elementor-element-789fa22e\" data-id=\"789fa22e\" data-element_type=\"column\" data-e-type=\"column\">\n\t\t\t<div class=\"elementor-widget-wrap elementor-element-populated\">\n\t\t\t\t\t\t<div class=\"elementor-element elementor-element-a73f62f wpr-promo-box-style-cover elementor-widget elementor-widget-wpr-promo-box\" data-id=\"a73f62f\" data-element_type=\"widget\" data-e-type=\"widget\" data-widget_type=\"wpr-promo-box.default\">\n\t\t\t\t<div class=\"elementor-widget-container\">\n\t\t\t\t\t\n\t\t<div class=\"wpr-promo-box wpr-animation-wrap\">\n\n\t\t\t\t\t\t\t\n\t\t\t\t\t\t\t<div class=\"wpr-promo-box-image\">\n\t\t\t\t\t<div class=\"wpr-promo-box-bg-image wpr-bg-anim-zoom-in wpr-anim-timing-ease-default\" style=\"background-image:url(https:\/\/www.waldhotelheppe.de\/wp-content\/uploads\/2023\/07\/4760-023-1.jpg);\"><\/div>\n\t\t\t\t\t<div class=\"wpr-promo-box-bg-overlay wpr-border-anim-chicho\"><\/div>\n\t\t\t\t<\/div>\n\t\t\t\t\t\t\n\t\t\t<div class=\"wpr-promo-box-content\">\n\n\t\t\t\t\t\t\t\t<div class=\"wpr-promo-box-icon\">\n\t\t\t\t\t\t\t\t\t<\/div>\n\t\t\t\t\n\t\t\t\t<h3 class=\"wpr-promo-box-title\"><span>Tiny House voucher<\/span><\/h3>\n\t\t\t\t\t\t\t\t\t<div class=\"wpr-promo-box-description\">\n\t\t\t\t\t\t<p><p>Gutschein f\u00fcr eine \u00dcbernachtung in unserem Tiny House. Inbegriffen sind die Nutzung des Schwimmbads, der Sauna und das Fr\u00fchst\u00fccksbuffet.<\/p><\/p>\t\n\t\t\t\t\t<\/div>\t\t\t\t\t\t\n\t\t\t\t\n\t\t\t\t\t\t\t\t\t<div class=\"wpr-promo-box-btn-wrap\">\n\t\t\t\t\t\t<a class=\"wpr-promo-box-btn\" href=\"https:\/\/voucherbooking.de\/wald-hotel-heppe\/voucher\/dbc8827a-0205-40e3-a949-041f5a7a5120\" target=\"_blank\">\n\n\t\t\t\t\t\t\t\t\t\t\t\t\t\t<span class=\"wpr-promo-box-btn-text\">To the voucher<\/span>\t\t\n\t\t\t\t\t\t\t\n\t\t\t\t\t\t\t\t\t\t\t\t\t<\/a>\n\t\t\t\t\t<\/div>\t\n\t\t\t\t\t\t\t<\/div>\n\n\t\t\t\t\t<\/div>\n\n\t\t\t\t\t\t<\/div>\n\t\t\t\t<\/div>\n\t\t\t\t\t<\/div>\n\t\t<\/div>\n\t\t\t\t<div class=\"elementor-column elementor-col-50 elementor-top-column elementor-element elementor-element-790491de\" data-id=\"790491de\" data-element_type=\"column\" data-e-type=\"column\">\n\t\t\t<div class=\"elementor-widget-wrap elementor-element-populated\">\n\t\t\t\t\t\t<div class=\"elementor-element elementor-element-2f7016e7 wpr-promo-box-style-cover elementor-widget elementor-widget-wpr-promo-box\" data-id=\"2f7016e7\" data-element_type=\"widget\" data-e-type=\"widget\" data-widget_type=\"wpr-promo-box.default\">\n\t\t\t\t<div class=\"elementor-widget-container\">\n\t\t\t\t\t\n\t\t<div class=\"wpr-promo-box wpr-animation-wrap\">\n\n\t\t\t\t\t\t\t\n\t\t\t\t\t\t\t<div class=\"wpr-promo-box-image\">\n\t\t\t\t\t<div class=\"wpr-promo-box-bg-image wpr-bg-anim-zoom-in wpr-anim-timing-ease-default\" style=\"background-image:url(https:\/\/www.waldhotelheppe.de\/wp-content\/uploads\/2023\/09\/IMG_1930-scaled.jpg);\"><\/div>\n\t\t\t\t\t<div class=\"wpr-promo-box-bg-overlay wpr-border-anim-chicho\"><\/div>\n\t\t\t\t<\/div>\n\t\t\t\t\t\t\n\t\t\t<div class=\"wpr-promo-box-content\">\n\n\t\t\t\t\t\t\t\t<div class=\"wpr-promo-box-icon\">\n\t\t\t\t\t\t\t\t\t<\/div>\n\t\t\t\t\n\t\t\t\t<h3 class=\"wpr-promo-box-title\"><span>Breakfast voucher<\/span><\/h3>\n\t\t\t\t\t\t\t\t\t<div class=\"wpr-promo-box-description\">\n\t\t\t\t\t\t<p><p>Spend a few hours with a leisurely breakfast in our hotel with your family or friends and let yourself be pampered.\u00a0<\/p><\/p>\t\n\t\t\t\t\t<\/div>\t\t\t\t\t\t\n\t\t\t\t\n\t\t\t\t\t\t\t\t\t<div class=\"wpr-promo-box-btn-wrap\">\n\t\t\t\t\t\t<a class=\"wpr-promo-box-btn\" href=\"https:\/\/voucherbooking.de\/wald-hotel-heppe\/voucher\/6dfdbcdf-2ce0-4a43-9880-31fcef6b3633\" target=\"_blank\">\n\n\t\t\t\t\t\t\t\t\t\t\t\t\t\t<span class=\"wpr-promo-box-btn-text\">To the voucher<\/span>\t\t\n\t\t\t\t\t\t\t\n\t\t\t\t\t\t\t\t\t\t\t\t\t<\/a>\n\t\t\t\t\t<\/div>\t\n\t\t\t\t\t\t\t<\/div>\n\n\t\t\t\t\t<\/div>\n\n\t\t\t\t\t\t<\/div>\n\t\t\t\t<\/div>\n\t\t\t\t\t<\/div>\n\t\t<\/div>\n\t\t\t\t\t<\/div>\n\t\t<\/section>\n\t\t\t\t<section class=\"elementor-section elementor-top-section elementor-element elementor-element-f00b136 elementor-section-boxed elementor-section-height-default elementor-section-height-default wpr-particle-no wpr-jarallax-no wpr-parallax-no wpr-sticky-section-no\" data-id=\"f00b136\" data-element_type=\"section\" data-e-type=\"section\">\n\t\t\t\t\t\t<div class=\"elementor-container elementor-column-gap-default\">\n\t\t\t\t\t<div class=\"elementor-column elementor-col-50 elementor-top-column elementor-element elementor-element-728ba34\" data-id=\"728ba34\" data-element_type=\"column\" data-e-type=\"column\">\n\t\t\t<div class=\"elementor-widget-wrap elementor-element-populated\">\n\t\t\t\t\t\t<div class=\"elementor-element elementor-element-ce0ac52 wpr-promo-box-style-cover elementor-widget elementor-widget-wpr-promo-box\" data-id=\"ce0ac52\" data-element_type=\"widget\" data-e-type=\"widget\" data-widget_type=\"wpr-promo-box.default\">\n\t\t\t\t<div class=\"elementor-widget-container\">\n\t\t\t\t\t\n\t\t<div class=\"wpr-promo-box wpr-animation-wrap\">\n\n\t\t\t\t\t\t\t\n\t\t\t\t\t\t\t<div class=\"wpr-promo-box-image\">\n\t\t\t\t\t<div class=\"wpr-promo-box-bg-image wpr-bg-anim-zoom-in wpr-anim-timing-ease-default\" style=\"background-image:url(https:\/\/www.waldhotelheppe.de\/wp-content\/uploads\/2023\/07\/menu_4-1.jpg);\"><\/div>\n\t\t\t\t\t<div class=\"wpr-promo-box-bg-overlay wpr-border-anim-chicho\"><\/div>\n\t\t\t\t<\/div>\n\t\t\t\t\t\t\n\t\t\t<div class=\"wpr-promo-box-content\">\n\n\t\t\t\t\t\t\t\t<div class=\"wpr-promo-box-icon\">\n\t\t\t\t\t\t\t\t\t<\/div>\n\t\t\t\t\n\t\t\t\t<h3 class=\"wpr-promo-box-title\"><span>Schlemmerscheck  Wertgutschein 50\u20ac<\/span><\/h3>\n\t\t\t\t\t\t\t\t\t<div class=\"wpr-promo-box-description\">\n\t\t\t\t\t\t<p><p>This voucher can be redeemed for almost anything at our place. Whether it be for meals and drinks, coffee and cake, massages, or overnight stays.<\/p><\/p>\t\n\t\t\t\t\t<\/div>\t\t\t\t\t\t\n\t\t\t\t\n\t\t\t\t\t\t\t\t\t<div class=\"wpr-promo-box-btn-wrap\">\n\t\t\t\t\t\t<a class=\"wpr-promo-box-btn\" href=\"https:\/\/voucherbooking.de\/wald-hotel-heppe\/voucher\/fa7d457e-9787-42ff-ac6d-ba82769c0b55\" target=\"_blank\">\n\n\t\t\t\t\t\t\t\t\t\t\t\t\t\t<span class=\"wpr-promo-box-btn-text\">To the voucher<\/span>\t\t\n\t\t\t\t\t\t\t\n\t\t\t\t\t\t\t\t\t\t\t\t\t<\/a>\n\t\t\t\t\t<\/div>\t\n\t\t\t\t\t\t\t<\/div>\n\n\t\t\t\t\t<\/div>\n\n\t\t\t\t\t\t<\/div>\n\t\t\t\t<\/div>\n\t\t\t\t\t<\/div>\n\t\t<\/div>\n\t\t\t\t<div class=\"elementor-column elementor-col-50 elementor-top-column elementor-element elementor-element-20ea982\" data-id=\"20ea982\" data-element_type=\"column\" data-e-type=\"column\">\n\t\t\t<div class=\"elementor-widget-wrap elementor-element-populated\">\n\t\t\t\t\t\t<div class=\"elementor-element elementor-element-819a6ed wpr-promo-box-style-cover elementor-widget elementor-widget-wpr-promo-box\" data-id=\"819a6ed\" data-element_type=\"widget\" data-e-type=\"widget\" data-widget_type=\"wpr-promo-box.default\">\n\t\t\t\t<div class=\"elementor-widget-container\">\n\t\t\t\t\t\n\t\t<div class=\"wpr-promo-box wpr-animation-wrap\">\n\n\t\t\t\t\t\t\t\n\t\t\t\t\t\t\t<div class=\"wpr-promo-box-image\">\n\t\t\t\t\t<div class=\"wpr-promo-box-bg-image wpr-bg-anim-zoom-in wpr-anim-timing-ease-default\" style=\"background-image:url(https:\/\/www.waldhotelheppe.de\/wp-content\/uploads\/2023\/09\/Superior3-scaled.jpeg);\"><\/div>\n\t\t\t\t\t<div class=\"wpr-promo-box-bg-overlay wpr-border-anim-chicho\"><\/div>\n\t\t\t\t<\/div>\n\t\t\t\t\t\t\n\t\t\t<div class=\"wpr-promo-box-content\">\n\n\t\t\t\t\t\t\t\t<div class=\"wpr-promo-box-icon\">\n\t\t\t\t\t\t\t\t\t<\/div>\n\t\t\t\t\n\t\t\t\t<h3 class=\"wpr-promo-box-title\"><span>Wertgutschein - Betrag w\u00e4hlbar<\/span><\/h3>\n\t\t\t\t\t\t\t\t\t<div class=\"wpr-promo-box-description\">\n\t\t\t\t\t\t<p><p>You can redeem this voucher for pretty much anything with us. Be it for food and drinks, coffee and cake, massages or overnight stays.<\/p><\/p>\t\n\t\t\t\t\t<\/div>\t\t\t\t\t\t\n\t\t\t\t\n\t\t\t\t\t\t\t\t\t<div class=\"wpr-promo-box-btn-wrap\">\n\t\t\t\t\t\t<a class=\"wpr-promo-box-btn\" href=\"https:\/\/voucherbooking.de\/wald-hotel-heppe\/voucher\/6308a084-5a57-4e37-984f-d2d00e93f8e9\" target=\"_blank\">\n\n\t\t\t\t\t\t\t\t\t\t\t\t\t\t<span class=\"wpr-promo-box-btn-text\">To the voucher<\/span>\t\t\n\t\t\t\t\t\t\t\n\t\t\t\t\t\t\t\t\t\t\t\t\t<\/a>\n\t\t\t\t\t<\/div>\t\n\t\t\t\t\t\t\t<\/div>\n\n\t\t\t\t\t<\/div>\n\n\t\t\t\t\t\t<\/div>\n\t\t\t\t<\/div>\n\t\t\t\t\t<\/div>\n\t\t<\/div>\n\t\t\t\t\t<\/div>\n\t\t<\/section>\n\t\t\t\t<\/div>","protected":false},"excerpt":{"rendered":"<p>GUTSCHEINE zum Gutscheinshop Tiny House Gutschein Gutschein f\u00fcr eine \u00dcbernachtung in unserem Tiny House. Inbegriffen sind die Nutzung des Schwimmbads, der Sauna und das Fr\u00fchst\u00fccksbuffet. Zum Gutschein Fr\u00fchst\u00fccksgutschein Verbringen Sie ein paar Stunden bei einem gem\u00fctlichen Fr\u00fchst\u00fcck in unserem Hotel mit Ihrer Familie oder Ihren Freunden und lassen Sie sich verw\u00f6hnen.\u00a0 Zum Gutschein Schlemmerscheck Wertgutschein 50\u20ac Diesen Gutschein k\u00f6nnen Sie f\u00fcr ziemlich alles bei uns einl\u00f6sen.\u00a0Sei es f\u00fcr Speisen und Getr\u00e4nke, f\u00fcr Kaffee und Kuchen, Massagen oder \u00dcbernachtungen. Zum Gutschein Wertgutschein - Betrag w\u00e4hlbar Diesen Gutschein k\u00f6nnen Sie f\u00fcr ziemlich alles bei uns einl\u00f6sen. Sei es f\u00fcr Speisen und Getr\u00e4nke, f\u00fcr Kaffee und Kuchen, Massagen oder \u00dcbernachtungen. Zum Gutschein<\/p>","protected":false},"author":2,"featured_media":0,"parent":0,"menu_order":0,"comment_status":"closed","ping_status":"closed","template":"","meta":{"site-sidebar-layout":"no-sidebar","site-content-layout":"page-builder","ast-site-content-layout":"full-width-container","site-content-style":"unboxed","site-sidebar-style":"unboxed","ast-global-header-display":"","ast-banner-title-visibility":"","ast-main-header-display":"","ast-hfb-above-header-display":"","ast-hfb-below-header-display":"","ast-hfb-mobile-header-display":"","site-post-title":"disabled","ast-breadcrumbs-content":"","ast-featured-img":"disabled","footer-sml-layout":"","ast-disable-related-posts":"","theme-transparent-header-meta":"","adv-header-id-meta":"","stick-header-meta":"","header-above-stick-meta":"","header-main-stick-meta":"","header-below-stick-meta":"","astra-migrate-meta-layouts":"set","ast-page-background-enabled":"default","ast-page-background-meta":{"desktop":{"background-color":"var(--ast-global-color-4)","background-image":"","background-repeat":"repeat","background-position":"center center","background-size":"auto","background-attachment":"scroll","background-type":"","background-media":"","overlay-type":"","overlay-color":"","overlay-opacity":"","overlay-gradient":""},"tablet":{"background-color":"","background-image":"","background-repeat":"repeat","background-position":"center center","background-size":"auto","background-attachment":"scroll","background-type":"","background-media":"","overlay-type":"","overlay-color":"","overlay-opacity":"","overlay-gradient":""},"mobile":{"background-color":"","background-image":"","background-repeat":"repeat","background-position":"center center","background-size":"auto","background-attachment":"scroll","background-type":"","background-media":"","overlay-type":"","overlay-color":"","overlay-opacity":"","overlay-gradient":""}},"ast-content-background-meta":{"desktop":{"background-color":"var(--ast-global-color-5)","background-image":"","background-repeat":"repeat","background-position":"center center","background-size":"auto","background-attachment":"scroll","background-type":"","background-media":"","overlay-type":"","overlay-color":"","overlay-opacity":"","overlay-gradient":""},"tablet":{"background-color":"var(--ast-global-color-5)","background-image":"","background-repeat":"repeat","background-position":"center center","background-size":"auto","background-attachment":"scroll","background-type":"","background-media":"","overlay-type":"","overlay-color":"","overlay-opacity":"","overlay-gradient":""},"mobile":{"background-color":"var(--ast-global-color-5)","background-image":"","background-repeat":"repeat","background-position":"center center","background-size":"auto","background-attachment":"scroll","background-type":"","background-media":"","overlay-type":"","overlay-color":"","overlay-opacity":"","overlay-gradient":""}},"footnotes":""},"class_list":["post-139","page","type-page","status-publish","hentry"],"yoast_head":"<!-- This site is optimized with the Yoast SEO Premium plugin v27.2 (Yoast SEO v27.2) - https:\/\/yoast.com\/product\/yoast-seo-premium-wordpress\/ -->\n<title>Gutscheine - Wald Hotel Heppe<\/title>\n<meta name=\"description\" content=\"Nutzen Sie unsere Gutscheine zum verschenken und genie\u00dfen f\u00fcr Ihre liebsten. Vom Tiny House bis Schlemmer Gutschein.\" \/>\n<meta name=\"robots\" content=\"index, follow, max-snippet:-1, max-image-preview:large, max-video-preview:-1\" \/>\n<link rel=\"canonical\" href=\"https:\/\/www.waldhotelheppe.de\/en\/gutscheine\/\" \/>\n<meta property=\"og:locale\" content=\"en_GB\" \/>\n<meta property=\"og:type\" content=\"article\" \/>\n<meta property=\"og:title\" content=\"Gutscheine\" \/>\n<meta property=\"og:description\" content=\"Nutzen Sie unsere Gutscheine zum verschenken und genie\u00dfen f\u00fcr Ihre liebsten. Vom Tiny House bis Schlemmer Gutschein.\" \/>\n<meta property=\"og:url\" content=\"https:\/\/www.waldhotelheppe.de\/en\/gutscheine\/\" \/>\n<meta property=\"og:site_name\" content=\"Wald Hotel Heppe\" \/>\n<meta property=\"article:publisher\" content=\"https:\/\/facebook.com\/HotelSpessart\" \/>\n<meta property=\"article:modified_time\" content=\"2025-12-21T21:09:38+00:00\" \/>\n<meta property=\"og:image\" content=\"https:\/\/www.waldhotelheppe.de\/wp-content\/uploads\/2023\/07\/Waldhotel-Heppe-logo-web-230724.jpg\" \/>\n\t<meta property=\"og:image:width\" content=\"387\" \/>\n\t<meta property=\"og:image:height\" content=\"240\" \/>\n\t<meta property=\"og:image:type\" content=\"image\/jpeg\" \/>\n<meta name=\"twitter:card\" content=\"summary_large_image\" \/>\n<meta name=\"twitter:label1\" content=\"Estimated reading time\" \/>\n\t<meta name=\"twitter:data1\" content=\"1 minute\" \/>\n<!-- \/ Yoast SEO Premium plugin. -->","yoast_head_json":{"title":"Gutscheine - Wald Hotel Heppe","description":"Nutzen Sie unsere Gutscheine zum verschenken und genie\u00dfen f\u00fcr Ihre liebsten. Vom Tiny House bis Schlemmer Gutschein.","robots":{"index":"index","follow":"follow","max-snippet":"max-snippet:-1","max-image-preview":"max-image-preview:large","max-video-preview":"max-video-preview:-1"},"canonical":"https:\/\/www.waldhotelheppe.de\/en\/gutscheine\/","og_locale":"en_GB","og_type":"article","og_title":"Gutscheine","og_description":"Nutzen Sie unsere Gutscheine zum verschenken und genie\u00dfen f\u00fcr Ihre liebsten. Vom Tiny House bis Schlemmer Gutschein.","og_url":"https:\/\/www.waldhotelheppe.de\/en\/gutscheine\/","og_site_name":"Wald Hotel Heppe","article_publisher":"https:\/\/facebook.com\/HotelSpessart","article_modified_time":"2025-12-21T21:09:38+00:00","og_image":[{"width":387,"height":240,"url":"https:\/\/www.waldhotelheppe.de\/wp-content\/uploads\/2023\/07\/Waldhotel-Heppe-logo-web-230724.jpg","type":"image\/jpeg"}],"twitter_card":"summary_large_image","twitter_misc":{"Estimated reading time":"1 minute"},"schema":{"@context":"https:\/\/schema.org","@graph":[{"@type":"WebPage","@id":"https:\/\/www.waldhotelheppe.de\/gutscheine\/","url":"https:\/\/www.waldhotelheppe.de\/gutscheine\/","name":"Gutscheine - Wald Hotel Heppe","isPartOf":{"@id":"https:\/\/www.waldhotelheppe.de\/en\/#website"},"datePublished":"2023-07-04T08:29:19+00:00","dateModified":"2025-12-21T21:09:38+00:00","description":"Nutzen Sie unsere Gutscheine zum verschenken und genie\u00dfen f\u00fcr Ihre liebsten. Vom Tiny House bis Schlemmer Gutschein.","breadcrumb":{"@id":"https:\/\/www.waldhotelheppe.de\/gutscheine\/#breadcrumb"},"inLanguage":"en-GB","potentialAction":[{"@type":"ReadAction","target":["https:\/\/www.waldhotelheppe.de\/gutscheine\/"]}]},{"@type":"BreadcrumbList","@id":"https:\/\/www.waldhotelheppe.de\/gutscheine\/#breadcrumb","itemListElement":[{"@type":"ListItem","position":1,"name":"Startseite","item":"https:\/\/www.waldhotelheppe.de\/"},{"@type":"ListItem","position":2,"name":"Gutscheine"}]},{"@type":"WebSite","@id":"https:\/\/www.waldhotelheppe.de\/en\/#website","url":"https:\/\/www.waldhotelheppe.de\/en\/","name":"Wald Hotel Heppe","description":"Nachhaltig im Spessart mit Schwimmbad","publisher":{"@id":"https:\/\/www.waldhotelheppe.de\/en\/#organization"},"alternateName":"Wald Hotel Heppe","potentialAction":[{"@type":"SearchAction","target":{"@type":"EntryPoint","urlTemplate":"https:\/\/www.waldhotelheppe.de\/en\/?s={search_term_string}"},"query-input":{"@type":"PropertyValueSpecification","valueRequired":true,"valueName":"search_term_string"}}],"inLanguage":"en-GB"},{"@type":"Organization","@id":"https:\/\/www.waldhotelheppe.de\/en\/#organization","name":"Wald Hotel Heppe","alternateName":"Wald Hotel Heppe","url":"https:\/\/www.waldhotelheppe.de\/en\/","logo":{"@type":"ImageObject","inLanguage":"en-GB","@id":"https:\/\/www.waldhotelheppe.de\/en\/#\/schema\/logo\/image\/","url":"https:\/\/www.waldhotelheppe.de\/wp-content\/uploads\/2023\/07\/Waldhotel-Heppe-logo-web-icon-only-round.png","contentUrl":"https:\/\/www.waldhotelheppe.de\/wp-content\/uploads\/2023\/07\/Waldhotel-Heppe-logo-web-icon-only-round.png","width":825,"height":825,"caption":"Wald Hotel Heppe"},"image":{"@id":"https:\/\/www.waldhotelheppe.de\/en\/#\/schema\/logo\/image\/"},"sameAs":["https:\/\/facebook.com\/HotelSpessart"],"email":"info@waldhotelheppe.de","telephone":"060929410","legalName":"Wald Hotel Heppe KG","vatID":"DE251736482"}]}},"_links":{"self":[{"href":"https:\/\/www.waldhotelheppe.de\/en\/wp-json\/wp\/v2\/pages\/139","targetHints":{"allow":["GET"]}}],"collection":[{"href":"https:\/\/www.waldhotelheppe.de\/en\/wp-json\/wp\/v2\/pages"}],"about":[{"href":"https:\/\/www.waldhotelheppe.de\/en\/wp-json\/wp\/v2\/types\/page"}],"author":[{"embeddable":true,"href":"https:\/\/www.waldhotelheppe.de\/en\/wp-json\/wp\/v2\/users\/2"}],"replies":[{"embeddable":true,"href":"https:\/\/www.waldhotelheppe.de\/en\/wp-json\/wp\/v2\/comments?post=139"}],"version-history":[{"count":27,"href":"https:\/\/www.waldhotelheppe.de\/en\/wp-json\/wp\/v2\/pages\/139\/revisions"}],"predecessor-version":[{"id":7942,"href":"https:\/\/www.waldhotelheppe.de\/en\/wp-json\/wp\/v2\/pages\/139\/revisions\/7942"}],"wp:attachment":[{"href":"https:\/\/www.waldhotelheppe.de\/en\/wp-json\/wp\/v2\/media?parent=139"}],"curies":[{"name":"wp","href":"https:\/\/api.w.org\/{rel}","templated":true}]}}