{"id":5916,"date":"2023-12-13T12:26:29","date_gmt":"2023-12-13T11:26:29","guid":{"rendered":"https:\/\/www.waldhotelheppe.eu\/?page_id=5916"},"modified":"2024-10-11T08:22:20","modified_gmt":"2024-10-11T06:22:20","slug":"bewertungen","status":"publish","type":"page","link":"https:\/\/www.waldhotelheppe.de\/en\/bewertungen\/","title":{"rendered":"Reviews"},"content":{"rendered":"<div data-elementor-type=\"wp-page\" data-elementor-id=\"5916\" class=\"elementor elementor-5916\" data-elementor-post-type=\"page\">\n\t\t\t\t\t\t<section class=\"elementor-section elementor-top-section elementor-element elementor-element-336e9d20 elementor-section-boxed elementor-section-height-default elementor-section-height-default wpr-particle-no wpr-jarallax-no wpr-parallax-no wpr-sticky-section-no wpr-column-slider-no wpr-equal-height-no\" data-id=\"336e9d20\" data-element_type=\"section\" data-e-type=\"section\" data-settings=\"{&quot;background_background&quot;:&quot;classic&quot;}\">\n\t\t\t\t\t\t<div class=\"elementor-container elementor-column-gap-default\">\n\t\t\t\t\t<div class=\"elementor-column elementor-col-50 elementor-top-column elementor-element elementor-element-1d93b87a\" data-id=\"1d93b87a\" data-element_type=\"column\" data-e-type=\"column\">\n\t\t\t<div class=\"elementor-widget-wrap elementor-element-populated\">\n\t\t\t\t\t\t<div class=\"elementor-element elementor-element-c017952 elementor-widget elementor-widget-heading\" data-id=\"c017952\" data-element_type=\"widget\" data-e-type=\"widget\" data-widget_type=\"heading.default\">\n\t\t\t\t<div class=\"elementor-widget-container\">\n\t\t\t\t\t<h2 class=\"elementor-heading-title elementor-size-default\">BEWERTUNGEN<\/h2>\t\t\t\t<\/div>\n\t\t\t\t<\/div>\n\t\t\t\t\t<\/div>\n\t\t<\/div>\n\t\t\t\t<div class=\"elementor-column elementor-col-50 elementor-top-column elementor-element elementor-element-6765ee24\" data-id=\"6765ee24\" data-element_type=\"column\" data-e-type=\"column\">\n\t\t\t<div class=\"elementor-widget-wrap\">\n\t\t\t\t\t\t\t<\/div>\n\t\t<\/div>\n\t\t\t\t\t<\/div>\n\t\t<\/section>\n\t\t\t\t<section class=\"elementor-section elementor-top-section elementor-element elementor-element-40bb67a0 elementor-section-boxed elementor-section-height-default elementor-section-height-default wpr-particle-no wpr-jarallax-no wpr-parallax-no wpr-sticky-section-no wpr-column-slider-no wpr-equal-height-no\" data-id=\"40bb67a0\" data-element_type=\"section\" data-e-type=\"section\">\n\t\t\t\t\t\t<div class=\"elementor-container elementor-column-gap-default\">\n\t\t\t\t\t<div class=\"elementor-column elementor-col-100 elementor-top-column elementor-element elementor-element-2204f029\" data-id=\"2204f029\" data-element_type=\"column\" data-e-type=\"column\">\n\t\t\t<div class=\"elementor-widget-wrap elementor-element-populated\">\n\t\t\t\t\t\t<div class=\"elementor-element elementor-element-7f0d01f elementor-widget elementor-widget-heading\" data-id=\"7f0d01f\" data-element_type=\"widget\" data-e-type=\"widget\" data-widget_type=\"heading.default\">\n\t\t\t\t<div class=\"elementor-widget-container\">\n\t\t\t\t\t<h3 class=\"elementor-heading-title elementor-size-default\">BEWERTUNGEN SPRECHEN F\u00dcR SICH<\/h3>\t\t\t\t<\/div>\n\t\t\t\t<\/div>\n\t\t\t\t<div class=\"elementor-element elementor-element-40f93b0 elementor-widget elementor-widget-heading\" data-id=\"40f93b0\" data-element_type=\"widget\" data-e-type=\"widget\" data-widget_type=\"heading.default\">\n\t\t\t\t<div class=\"elementor-widget-container\">\n\t\t\t\t\t<h2 class=\"elementor-heading-title elementor-size-default\">\u00dcberzeugen Sie sich selbst!<\/h2>\t\t\t\t<\/div>\n\t\t\t\t<\/div>\n\t\t\t\t<div class=\"elementor-element elementor-element-3b7ce351 elementor-widget-divider--view-line elementor-widget elementor-widget-divider\" data-id=\"3b7ce351\" data-element_type=\"widget\" data-e-type=\"widget\" data-widget_type=\"divider.default\">\n\t\t\t\t<div class=\"elementor-widget-container\">\n\t\t\t\t\t\t\t<div class=\"elementor-divider\">\n\t\t\t<span class=\"elementor-divider-separator\">\n\t\t\t\t\t\t<\/span>\n\t\t<\/div>\n\t\t\t\t\t\t<\/div>\n\t\t\t\t<\/div>\n\t\t\t\t\t<\/div>\n\t\t<\/div>\n\t\t\t\t\t<\/div>\n\t\t<\/section>\n\t\t\t\t<section class=\"elementor-section elementor-top-section elementor-element elementor-element-eaa5f32 elementor-section-boxed elementor-section-height-default elementor-section-height-default wpr-particle-no wpr-jarallax-no wpr-parallax-no wpr-sticky-section-no wpr-column-slider-no wpr-equal-height-no\" data-id=\"eaa5f32\" data-element_type=\"section\" data-e-type=\"section\">\n\t\t\t\t\t\t<div class=\"elementor-container elementor-column-gap-default\">\n\t\t\t\t\t<div class=\"elementor-column elementor-col-50 elementor-top-column elementor-element elementor-element-68bdb4b\" data-id=\"68bdb4b\" data-element_type=\"column\" data-e-type=\"column\">\n\t\t\t<div class=\"elementor-widget-wrap elementor-element-populated\">\n\t\t\t\t\t\t<div class=\"elementor-element elementor-element-2668b3c5 elementor-widget elementor-widget-html\" data-id=\"2668b3c5\" data-element_type=\"widget\" data-e-type=\"widget\" data-widget_type=\"html.default\">\n\t\t\t\t<div class=\"elementor-widget-container\">\n\t\t\t\t\t<div id=\"kunleisys-reviews\"><\/div>\n<script type=\"text\/javascript\" src=\"https:\/\/customer.kunleisys.com\/widget.php?uid=6DAB25FF-54F0-43BC-8094-B57104A7AFFC&type=reviews&target=kunleisys-reviews&language=de\"><\/script>\t\t\t\t<\/div>\n\t\t\t\t<\/div>\n\t\t\t\t\t<\/div>\n\t\t<\/div>\n\t\t\t\t<div class=\"elementor-column elementor-col-50 elementor-top-column elementor-element elementor-element-62b3393\" data-id=\"62b3393\" data-element_type=\"column\" data-e-type=\"column\">\n\t\t\t<div class=\"elementor-widget-wrap elementor-element-populated\">\n\t\t\t\t\t\t<div class=\"elementor-element elementor-element-ca665b9 elementor-widget elementor-widget-html\" data-id=\"ca665b9\" data-element_type=\"widget\" data-e-type=\"widget\" data-widget_type=\"html.default\">\n\t\t\t\t<div class=\"elementor-widget-container\">\n\t\t\t\t\t<script src=\"https:\/\/www.holidaycheck.de\/widgets?step=code&type=code&options=hotel-1-154524-de_DE-l-b-1-2-1-5-1\" type=\"text\/javascript\"><\/script><div id=\"holidaycheck-widget-hotel-1-154524-de_DE-l-b-1-2-1-5-1\"><div id=\"holidaycheck_widget_placeholder-154524\" style=\"width:120px;padding:5px;background:#0058a2;\"><a href=\"https:\/\/www.holidaycheck.de\/hi\/wald-hotel-heppe\/66b1265b-4f47-3ee9-a8d4-2ccc2948ac19\"><img decoding=\"async\" alt=\"Hotels mit Hotelbewertungen bei HolidayCheck\" src=\"https:\/\/www.holidaycheck.de\/widgets\/logo_xlarge.png\" border=\"0\"><\/a><\/div><\/div>\t\t\t\t<\/div>\n\t\t\t\t<\/div>\n\t\t\t\t\t<\/div>\n\t\t<\/div>\n\t\t\t\t\t<\/div>\n\t\t<\/section>\n\t\t\t\t<section class=\"elementor-section elementor-top-section elementor-element elementor-element-dfb367a elementor-section-boxed elementor-section-height-default elementor-section-height-default wpr-particle-no wpr-jarallax-no wpr-parallax-no wpr-sticky-section-no wpr-column-slider-no wpr-equal-height-no\" data-id=\"dfb367a\" data-element_type=\"section\" data-e-type=\"section\">\n\t\t\t\t\t\t<div class=\"elementor-container elementor-column-gap-default\">\n\t\t\t\t\t<div class=\"elementor-column elementor-col-100 elementor-top-column elementor-element elementor-element-3fb3c96\" data-id=\"3fb3c96\" data-element_type=\"column\" data-e-type=\"column\">\n\t\t\t<div class=\"elementor-widget-wrap\">\n\t\t\t\t\t\t\t<\/div>\n\t\t<\/div>\n\t\t\t\t\t<\/div>\n\t\t<\/section>\n\t\t\t\t<\/div>","protected":false},"excerpt":{"rendered":"<p>BEWERTUNGEN BEWERTUNGEN SPRECHEN F\u00dcR SICH \u00dcberzeugen Sie sich selbst!<\/p>","protected":false},"author":2,"featured_media":0,"parent":0,"menu_order":0,"comment_status":"closed","ping_status":"closed","template":"","meta":{"site-sidebar-layout":"no-sidebar","site-content-layout":"page-builder","ast-site-content-layout":"full-width-container","site-content-style":"default","site-sidebar-style":"default","ast-global-header-display":"","ast-banner-title-visibility":"","ast-main-header-display":"","ast-hfb-above-header-display":"","ast-hfb-below-header-display":"","ast-hfb-mobile-header-display":"","site-post-title":"disabled","ast-breadcrumbs-content":"","ast-featured-img":"disabled","footer-sml-layout":"","ast-disable-related-posts":"","theme-transparent-header-meta":"","adv-header-id-meta":"","stick-header-meta":"","header-above-stick-meta":"","header-main-stick-meta":"","header-below-stick-meta":"","astra-migrate-meta-layouts":"set","ast-page-background-enabled":"default","ast-page-background-meta":{"desktop":{"background-color":"var(--ast-global-color-4)","background-image":"","background-repeat":"repeat","background-position":"center center","background-size":"auto","background-attachment":"scroll","background-type":"","background-media":"","overlay-type":"","overlay-color":"","overlay-opacity":"","overlay-gradient":""},"tablet":{"background-color":"","background-image":"","background-repeat":"repeat","background-position":"center center","background-size":"auto","background-attachment":"scroll","background-type":"","background-media":"","overlay-type":"","overlay-color":"","overlay-opacity":"","overlay-gradient":""},"mobile":{"background-color":"","background-image":"","background-repeat":"repeat","background-position":"center center","background-size":"auto","background-attachment":"scroll","background-type":"","background-media":"","overlay-type":"","overlay-color":"","overlay-opacity":"","overlay-gradient":""}},"ast-content-background-meta":{"desktop":{"background-color":"var(--ast-global-color-5)","background-image":"","background-repeat":"repeat","background-position":"center center","background-size":"auto","background-attachment":"scroll","background-type":"","background-media":"","overlay-type":"","overlay-color":"","overlay-opacity":"","overlay-gradient":""},"tablet":{"background-color":"var(--ast-global-color-5)","background-image":"","background-repeat":"repeat","background-position":"center center","background-size":"auto","background-attachment":"scroll","background-type":"","background-media":"","overlay-type":"","overlay-color":"","overlay-opacity":"","overlay-gradient":""},"mobile":{"background-color":"var(--ast-global-color-5)","background-image":"","background-repeat":"repeat","background-position":"center center","background-size":"auto","background-attachment":"scroll","background-type":"","background-media":"","overlay-type":"","overlay-color":"","overlay-opacity":"","overlay-gradient":""}},"footnotes":""},"class_list":["post-5916","page","type-page","status-publish","hentry"],"yoast_head":"<!-- This site is optimized with the Yoast SEO Premium plugin v27.5 (Yoast SEO v27.5) - https:\/\/yoast.com\/product\/yoast-seo-premium-wordpress\/ -->\n<title>Bewertungen - Wald Hotel Heppe<\/title>\n<meta name=\"description\" content=\"Hier finden Sie eine \u00dcbersicht unserer Kundenstimmen und Bewertungen von zufriedenen G\u00e4sten. \u00dcberzeugen Sie sich selbst!\" \/>\n<meta name=\"robots\" content=\"index, follow, max-snippet:-1, max-image-preview:large, max-video-preview:-1\" \/>\n<link rel=\"canonical\" href=\"https:\/\/www.waldhotelheppe.de\/en\/bewertungen\/\" \/>\n<meta property=\"og:locale\" content=\"en_GB\" \/>\n<meta property=\"og:type\" content=\"article\" \/>\n<meta property=\"og:title\" content=\"Bewertungen\" \/>\n<meta property=\"og:description\" content=\"Hier finden Sie eine \u00dcbersicht unserer Kundenstimmen und Bewertungen von zufriedenen G\u00e4sten. \u00dcberzeugen Sie sich selbst!\" \/>\n<meta property=\"og:url\" content=\"https:\/\/www.waldhotelheppe.de\/en\/bewertungen\/\" \/>\n<meta property=\"og:site_name\" content=\"Wald Hotel Heppe\" \/>\n<meta property=\"article:publisher\" content=\"https:\/\/facebook.com\/HotelSpessart\" \/>\n<meta property=\"article:modified_time\" content=\"2024-10-11T06:22:20+00:00\" \/>\n<meta property=\"og:image\" content=\"https:\/\/www.holidaycheck.de\/widgets\/logo_xlarge.png\" \/>\n<meta name=\"twitter:card\" content=\"summary_large_image\" \/>\n<meta name=\"twitter:label1\" content=\"Estimated reading time\" \/>\n\t<meta name=\"twitter:data1\" content=\"18 minutes\" \/>\n<!-- \/ Yoast SEO Premium plugin. -->","yoast_head_json":{"title":"Bewertungen - Wald Hotel Heppe","description":"Hier finden Sie eine \u00dcbersicht unserer Kundenstimmen und Bewertungen von zufriedenen G\u00e4sten. \u00dcberzeugen Sie sich selbst!","robots":{"index":"index","follow":"follow","max-snippet":"max-snippet:-1","max-image-preview":"max-image-preview:large","max-video-preview":"max-video-preview:-1"},"canonical":"https:\/\/www.waldhotelheppe.de\/en\/bewertungen\/","og_locale":"en_GB","og_type":"article","og_title":"Bewertungen","og_description":"Hier finden Sie eine \u00dcbersicht unserer Kundenstimmen und Bewertungen von zufriedenen G\u00e4sten. \u00dcberzeugen Sie sich selbst!","og_url":"https:\/\/www.waldhotelheppe.de\/en\/bewertungen\/","og_site_name":"Wald Hotel Heppe","article_publisher":"https:\/\/facebook.com\/HotelSpessart","article_modified_time":"2024-10-11T06:22:20+00:00","og_image":[{"url":"https:\/\/www.holidaycheck.de\/widgets\/logo_xlarge.png","type":"","width":"","height":""}],"twitter_card":"summary_large_image","twitter_misc":{"Estimated reading time":"18 minutes"},"schema":{"@context":"https:\/\/schema.org","@graph":[{"@type":"WebPage","@id":"https:\/\/www.waldhotelheppe.de\/bewertungen\/","url":"https:\/\/www.waldhotelheppe.de\/bewertungen\/","name":"Bewertungen - Wald Hotel Heppe","isPartOf":{"@id":"https:\/\/www.waldhotelheppe.de\/en\/#website"},"primaryImageOfPage":{"@id":"https:\/\/www.waldhotelheppe.de\/bewertungen\/#primaryimage"},"image":{"@id":"https:\/\/www.waldhotelheppe.de\/bewertungen\/#primaryimage"},"thumbnailUrl":"https:\/\/www.holidaycheck.de\/widgets\/logo_xlarge.png","datePublished":"2023-12-13T11:26:29+00:00","dateModified":"2024-10-11T06:22:20+00:00","description":"Hier finden Sie eine \u00dcbersicht unserer Kundenstimmen und Bewertungen von zufriedenen G\u00e4sten. \u00dcberzeugen Sie sich selbst!","breadcrumb":{"@id":"https:\/\/www.waldhotelheppe.de\/bewertungen\/#breadcrumb"},"inLanguage":"en-GB","potentialAction":[{"@type":"ReadAction","target":["https:\/\/www.waldhotelheppe.de\/bewertungen\/"]}]},{"@type":"ImageObject","inLanguage":"en-GB","@id":"https:\/\/www.waldhotelheppe.de\/bewertungen\/#primaryimage","url":"https:\/\/www.holidaycheck.de\/widgets\/logo_xlarge.png","contentUrl":"https:\/\/www.holidaycheck.de\/widgets\/logo_xlarge.png"},{"@type":"BreadcrumbList","@id":"https:\/\/www.waldhotelheppe.de\/bewertungen\/#breadcrumb","itemListElement":[{"@type":"ListItem","position":1,"name":"Startseite","item":"https:\/\/www.waldhotelheppe.de\/"},{"@type":"ListItem","position":2,"name":"Bewertungen"}]},{"@type":"WebSite","@id":"https:\/\/www.waldhotelheppe.de\/en\/#website","url":"https:\/\/www.waldhotelheppe.de\/en\/","name":"Wald Hotel Heppe","description":"Nachhaltig im Spessart mit Schwimmbad","publisher":{"@id":"https:\/\/www.waldhotelheppe.de\/en\/#organization"},"alternateName":"Wald Hotel Heppe","potentialAction":[{"@type":"SearchAction","target":{"@type":"EntryPoint","urlTemplate":"https:\/\/www.waldhotelheppe.de\/en\/?s={search_term_string}"},"query-input":{"@type":"PropertyValueSpecification","valueRequired":true,"valueName":"search_term_string"}}],"inLanguage":"en-GB"},{"@type":"Organization","@id":"https:\/\/www.waldhotelheppe.de\/en\/#organization","name":"Wald Hotel Heppe","alternateName":"Wald Hotel Heppe","url":"https:\/\/www.waldhotelheppe.de\/en\/","logo":{"@type":"ImageObject","inLanguage":"en-GB","@id":"https:\/\/www.waldhotelheppe.de\/en\/#\/schema\/logo\/image\/","url":"https:\/\/www.waldhotelheppe.de\/wp-content\/uploads\/2023\/07\/Waldhotel-Heppe-logo-web-icon-only-round.png","contentUrl":"https:\/\/www.waldhotelheppe.de\/wp-content\/uploads\/2023\/07\/Waldhotel-Heppe-logo-web-icon-only-round.png","width":825,"height":825,"caption":"Wald Hotel Heppe"},"image":{"@id":"https:\/\/www.waldhotelheppe.de\/en\/#\/schema\/logo\/image\/"},"sameAs":["https:\/\/facebook.com\/HotelSpessart"],"email":"info@waldhotelheppe.de","telephone":"060929410","legalName":"Wald Hotel Heppe KG","vatID":"DE251736482"}]}},"_links":{"self":[{"href":"https:\/\/www.waldhotelheppe.de\/en\/wp-json\/wp\/v2\/pages\/5916","targetHints":{"allow":["GET"]}}],"collection":[{"href":"https:\/\/www.waldhotelheppe.de\/en\/wp-json\/wp\/v2\/pages"}],"about":[{"href":"https:\/\/www.waldhotelheppe.de\/en\/wp-json\/wp\/v2\/types\/page"}],"author":[{"embeddable":true,"href":"https:\/\/www.waldhotelheppe.de\/en\/wp-json\/wp\/v2\/users\/2"}],"replies":[{"embeddable":true,"href":"https:\/\/www.waldhotelheppe.de\/en\/wp-json\/wp\/v2\/comments?post=5916"}],"version-history":[{"count":16,"href":"https:\/\/www.waldhotelheppe.de\/en\/wp-json\/wp\/v2\/pages\/5916\/revisions"}],"predecessor-version":[{"id":6593,"href":"https:\/\/www.waldhotelheppe.de\/en\/wp-json\/wp\/v2\/pages\/5916\/revisions\/6593"}],"wp:attachment":[{"href":"https:\/\/www.waldhotelheppe.de\/en\/wp-json\/wp\/v2\/media?parent=5916"}],"curies":[{"name":"wp","href":"https:\/\/api.w.org\/{rel}","templated":true}]}}